{"id":107,"date":"2013-08-11T19:06:15","date_gmt":"2013-08-11T19:06:15","guid":{"rendered":"http:\/\/localhost:8888\/test\/?page_id=520"},"modified":"2025-08-18T19:51:08","modified_gmt":"2025-08-18T16:51:08","slug":"hakkimizda-4","status":"publish","type":"page","link":"https:\/\/temdoksan.com\/ar\/hakkimizda-4\/","title":{"rendered":"Hakk\u0131m\u0131zda"},"content":{"rendered":"<div class=\"banner has-hover has-parallax\" id=\"banner-1894066164\">\n          <div class=\"banner-inner fill\">\n        <div class=\"banner-bg fill\" data-parallax=\"-3\" data-parallax-container=\".banner\" data-parallax-background>\n            <img loading=\"lazy\" decoding=\"async\" width=\"1600\" height=\"252\" src=\"https:\/\/temdoksan.com\/wp-content\/uploads\/2025\/07\/header.webp\" class=\"bg attachment-original size-original\" alt=\"\" \/>                        <div class=\"overlay\"><\/div>            \n                    <\/div>\n\t\t\n        <div class=\"banner-layers container\">\n            <div class=\"fill banner-link\"><\/div>            \n   <div id=\"text-box-969554577\" class=\"text-box banner-layer x0 md-x0 lg-x0 y50 md-y50 lg-y50 res-text\">\n                                <div class=\"text-box-content text dark\">\n              \n              <div class=\"text-inner text-center\">\n                  \n\t<div id=\"text-255871763\" class=\"text\">\n\t\t\n<h3 class=\"lead\"><span style=\"font-size: 110%;\">\u0645\u0624\u0633\u0633\u064a<\/span><\/h3>\n<p class=\"lead\"><span style=\"font-size: 80%;\">Temd\u00f6ksan \u062a\u0645\u062b\u0644 \u0627\u0644\u062c\u0648\u062f\u0629 \u0641\u064a \u0627\u0644\u0635\u0628 \u0648\u0627\u0644\u0648\u062b\u0648\u0642\u064a\u0629 \u0641\u064a \u0627\u0644\u0647\u0646\u062f\u0633\u0629. \u0627\u0644\u062e\u0628\u0631\u0629 \u0641\u064a \u0643\u0644 \u0642\u0637\u0639\u0629\u060c \u0627\u0644\u062f\u0642\u0629 \u0641\u064a \u0643\u0644 \u0639\u0645\u0644\u064a\u0629 \u0625\u0646\u062a\u0627\u062c.<\/span><\/p>\n\t\t\n<style>\n#text-255871763 {\n  font-size: 1rem;\n  text-align: left;\n}\n<\/style>\n\t<\/div>\n\t\n              <\/div>\n           <\/div>\n                            \n<style>\n#text-box-969554577 {\n  width: 41%;\n}\n#text-box-969554577 .text-box-content {\n  font-size: 100%;\n}\n<\/style>\n    <\/div>\n \n        <\/div>\n      <\/div>\n\n            \n<style>\n#banner-1894066164 {\n  padding-top: 300px;\n}\n#banner-1894066164 .overlay {\n  background-color: rgba(79, 166, 27, 0);\n}\n#banner-1894066164 .banner-bg img {\n  object-position: 21% 63%;\n}\n<\/style>\n  <\/div>\n\n\n<div class=\"row\"  id=\"row-1278902923\">\n\n\t<div id=\"col-1135025367\" class=\"col small-12 large-12\"  >\n\t\t\t\t<div class=\"col-inner\"  >\n\t\t\t\n\t\t\t\n<div class=\"row\"  id=\"row-126723040\">\n\n\t<div id=\"col-1179768063\" class=\"col small-12 large-12\"  >\n\t\t\t\t<div class=\"col-inner\"  >\n\t\t\t\n\t\t\t\n<p><img loading=\"lazy\" decoding=\"async\" class=\"size-medium wp-image-1287 alignleft\" src=\"https:\/\/temdoksan.com\/wp-content\/uploads\/2025\/07\/bayrak-668x400.webp\" alt=\"\" width=\"668\" height=\"400\" srcset=\"https:\/\/temdoksan.com\/wp-content\/uploads\/2025\/07\/bayrak-668x400.webp 668w, https:\/\/temdoksan.com\/wp-content\/uploads\/2025\/07\/bayrak-768x460.webp 768w, https:\/\/temdoksan.com\/wp-content\/uploads\/2025\/07\/bayrak-600x359.webp 600w, https:\/\/temdoksan.com\/wp-content\/uploads\/2025\/07\/bayrak.webp 1080w\" sizes=\"auto, (max-width: 668px) 100vw, 668px\" \/><\/p>\n<h2 data-start=\"241\" data-end=\"269\"><span style=\"color: #282828;\"><strong data-start=\"241\" data-end=\"269\">\u0627\u0644\u0645\u0627\u0647\u0627\u0631\u0629 \u0627\u0644\u062a\u064a \u062a\u0634\u0643\u0644 \u0627\u0644\u0642\u0648\u0629<\/strong><\/span><\/h2>\n<p data-start=\"127\" data-end=\"394\" class=\" translation-block\"><strong>TEMD\u00d6KSAN<\/strong> \u0647\u064a \u0634\u0631\u0643\u0629 \u0647\u0646\u062f\u0633\u064a\u0629 \u062a\u064f\u0642\u062f\u0651\u0650\u0645 \u0627\u0644\u062d\u064a\u0627\u0629 \u0644\u0623\u0643\u062b\u0631 \u0627\u0644\u0623\u062c\u0632\u0627\u0621 \u0623\u0647\u0645\u064a\u0629 \u0627\u0644\u062a\u064a \u062a\u062d\u062a\u0627\u062c\u0647\u0627 \u0627\u0644\u0635\u0646\u0627\u0639\u0627\u062a \u0627\u0644\u062b\u0642\u064a\u0644\u0629\u060c \u0648\u0630\u0644\u0643 \u0628\u0641\u0636\u0644 \u062e\u0628\u0631\u062a\u0647\u0627 \u0627\u0644\u0645\u0645\u062a\u062f\u0629 \u0644\u0633\u0646\u0648\u0627\u062a \u0641\u064a \u0625\u0646\u062a\u0627\u062c \u0645\u0633\u0628\u0648\u0643\u0627\u062a \u0627\u0644\u062d\u062f\u064a\u062f \u0627\u0644\u0632\u0647\u0631 \u0627\u0644\u0631\u0645\u0627\u062f\u064a\u060c \u0648\u0627\u0644\u062d\u062f\u064a\u062f \u0627\u0644\u062f\u0643\u062a\u0627\u064a\u0644\u060c \u0648\u0627\u0644\u0641\u0648\u0644\u0627\u0630.<br>\u0645\u0646\u0630 \u064a\u0648\u0645 \u062a\u0623\u0633\u064a\u0633\u0646\u0627\u060c \u0644\u0627 \u0646\u064f\u0646\u062a\u062c \u0627\u0644\u0645\u0639\u0627\u062f\u0646 \u0641\u0642\u0637\u060c \u0628\u0644 \u0646\u064f\u0646\u062a\u062c \u0623\u064a\u0636\u064b\u0627 <strong>\u0627\u0644\u062b\u0642\u0629 \u0648\u0627\u0644\u062c\u0648\u062f\u0629 \u0648\u0627\u0644\u0627\u0633\u062a\u0645\u0631\u0627\u0631\u064a\u0629<\/strong>.<\/p>\n<p data-start=\"396\" data-end=\"699\"><span style=\"color: #282828;\">\u0645\u0646\u0634\u0623\u062a\u0646\u0627 \u0627\u0644\u0625\u0646\u062a\u0627\u062c\u064a\u0629 \u0627\u0644\u062d\u062f\u064a\u062b\u0629\u060c \u0648\u0628\u064f\u0646\u064a\u062a\u0646\u0627 \u0627\u0644\u062a\u062d\u062a\u064a\u0629 \u0627\u0644\u0645\u0632\u0648\u0651\u062f\u0629 \u0628\u0623\u062d\u062f\u062b \u0627\u0644\u062a\u0642\u0646\u064a\u0627\u062a\u060c \u0648\u0641\u0631\u064a\u0642 \u0639\u0645\u0644\u0646\u0627 \u0627\u0644\u062e\u0628\u064a\u0631\u061b \u064a\u062a\u064a\u062d\u0648\u0646 \u0644\u0646\u0627 \u062a\u0642\u062f\u064a\u0645 \u062d\u0644\u0648\u0644 \u0645\u062e\u0635\u0635\u0629 \u0644\u0645\u062c\u0627\u0644\u0627\u062a \u0648\u0627\u0633\u0639\u0629 \u062a\u0645\u062a\u062f \u0645\u0646 \u0635\u0646\u0627\u0639\u0629 \u0627\u0644\u0633\u064a\u0627\u0631\u0627\u062a \u0648\u0627\u0644\u062f\u0641\u0627\u0639 \u0625\u0644\u0649 \u0622\u0644\u0627\u062a \u0627\u0644\u0632\u0631\u0627\u0639\u0629 \u0648\u0627\u0644\u0642\u0637\u0627\u0639 \u0627\u0644\u0639\u0627\u0645 \u0644\u0644\u0622\u0644\u0627\u062a. \u0641\u064a \u0642\u0648\u0627\u0644\u0628\u0646\u0627\u060c \u0644\u0627 \u0646\u0635\u0628 \u0627\u0644\u0623\u0634\u0643\u0627\u0644 \u0641\u0642\u0637\u060c \u0628\u0644 \u0646\u064f\u062c\u0633\u062f \u0623\u064a\u0636\u064b\u0627 \u062a\u0631\u0627\u0643\u0645 \u0633\u0646\u0648\u0627\u062a \u0645\u0646 \u0627\u0644\u062e\u0628\u0631\u0629 \u0648\u0641\u0647\u0645\u064b\u0627 \u0639\u0645\u064a\u0642\u064b\u0627 \u0644\u0644\u062a\u0645\u064a\u0651\u0632.<\/span><\/p>\n<h4 data-start=\"677\" data-end=\"708\"><span style=\"color: #282828;\">\u00dcretim altyap\u0131m\u0131zda yer alan:<\/span><\/h4>\n<ul data-start=\"709\" data-end=\"1061\">\n<li data-start=\"709\" data-end=\"764\">\n<p data-start=\"711\" data-end=\"764\"><span style=\"color: #282828;\">ICS \u0130nd\u00fcksiyon Sistemi Ergitme Oca\u011f\u0131 2025 Model<\/span><\/p>\n<\/li>\n<li data-start=\"765\" data-end=\"834\">\n<p data-start=\"767\" data-end=\"834\"><span style=\"color: #282828;\">STR Strong Makine 1 Tonluk Ask\u0131l\u0131 Kumlama Makinesi 2025 Model<\/span><\/p>\n<\/li>\n<li data-start=\"835\" data-end=\"1061\">\n<p data-start=\"837\" data-end=\"1061\"><span style=\"color: #282828;\">DeneyLab Analiz Sistemleri Spektrometre Analiz Cihaz\u0131 2025 Model, 26 element analiz edebilen Innovate T5 modeli<\/span><br data-start=\"956\" data-end=\"959\" \/><span style=\"color: #282828;\">sayesinde, \u00fcretim s\u00fcrecimizin her a\u015famas\u0131nda y\u00fcksek verimlilik, hassasiyet ve g\u00fcvenilirlik sa\u011fl\u0131yoruz.<\/span><\/p>\n<\/li>\n<\/ul>\n<p data-start=\"701\" data-end=\"887\" class=\" translation-block\">\u0628\u0627\u0644\u0625\u0636\u0627\u0641\u0629 \u0625\u0644\u0649 \u0645\u0633\u0628\u0648\u0643\u0627\u062a \u0627\u0644\u062d\u062f\u064a\u062f \u0627\u0644\u0632\u0647\u0631 \u0627\u0644\u0631\u0645\u0627\u062f\u064a\u060c \u0648\u0627\u0644\u062d\u062f\u064a\u062f \u0627\u0644\u062f\u0643\u062a\u0627\u064a\u0644\u060c \u0648\u0627\u0644\u0641\u0648\u0644\u0627\u0630\u061b \u0646\u0642\u0648\u0645 \u0623\u064a\u0636\u064b\u0627 \u0628\u0635\u0628 <strong>\u0627\u0644\u0645\u0648\u0627\u062f \u0627\u0644\u0645\u0642\u0627\u0648\u0645\u0629 \u0644\u0644\u062a\u0622\u0643\u0644<\/strong> \u0627\u0644\u0645\u0633\u062a\u062e\u062f\u0645\u0629 \u0641\u064a <strong>\u0627\u0644\u0645\u062d\u0627\u062c\u0631<\/strong>\u060c \u0648<strong>\u0627\u0644\u0643\u0633\u0627\u0631\u0627\u062a \u0627\u0644\u062b\u0644\u0627\u062b\u064a\u0629<\/strong> \u0648\u063a\u064a\u0631\u0647\u0627 \u0645\u0646 \u0627\u0644\u0628\u064a\u0626\u0627\u062a \u0627\u0644\u0635\u0639\u0628\u0629.<\/p>\n<p data-start=\"889\" data-end=\"1055\" class=\" translation-block\">\u0643\u0645\u0627 \u064a\u0634\u0645\u0644 \u0646\u0637\u0627\u0642 \u0625\u0646\u062a\u0627\u062c\u0646\u0627: <strong>\u0642\u0637\u0639 \u0645\u0646 \u0633\u0628\u0627\u0626\u0643 \u062e\u0627\u0635\u0629\u060c<\/strong> <strong>\u0642\u0637\u0639 \u0639\u0627\u0644\u064a\u0629 \u0627\u0644\u0645\u062d\u062a\u0648\u0649 \u0645\u0646 \u0627\u0644\u0643\u0631\u0648\u0645\u060c<\/strong> <strong>\u0642\u0637\u0639 \u0639\u0627\u0644\u064a\u0629 \u0627\u0644\u0645\u062d\u062a\u0648\u0649 \u0645\u0646 \u0627\u0644\u0645\u0646\u063a\u0646\u064a\u0632\u060c<\/strong> \u0648<strong>\u0645\u0648\u0627\u062f Ni-Hard<\/strong>.<\/p>\n<p data-start=\"833\" data-end=\"1114\"><span style=\"color: #282828;\">\u064a\u062a\u0645 \u062a\u0634\u0643\u064a\u0644 \u0643\u0644 \u0645\u0646\u062a\u062c \u0645\u0646 \u0645\u0646\u062a\u062c\u0627\u062a\u0646\u0627 \u0645\u0646 \u062e\u0644\u0627\u0644 \u0642\u064a\u0627\u0633\u0627\u062a \u062f\u0642\u064a\u0642\u0629\u060c \u0648\u0639\u0645\u0644\u064a\u0627\u062a \u0645\u0631\u0627\u0642\u0628\u0629 \u062c\u0648\u062f\u0629 \u0645\u0641\u0635\u0644\u0629\u060c \u0648\u0641\u0647\u0645 \u0639\u0645\u064a\u0642 \u0644\u0644\u0625\u0646\u062a\u0627\u062c \u0627\u0644\u0645\u062e\u0635\u0635 \u062d\u0633\u0628 \u0645\u062a\u0637\u0644\u0628\u0627\u062a \u0627\u0644\u0639\u0645\u064a\u0644. \u0648\u0628\u0641\u0636\u0644 \u0641\u0644\u0633\u0641\u062a\u0646\u0627 \u0627\u0644\u0625\u0646\u062a\u0627\u062c\u064a\u0629 \u0627\u0644\u0645\u062a\u0648\u0627\u0641\u0642\u0629 \u0645\u0639 \u0627\u0644\u0645\u0639\u0627\u064a\u064a\u0631 \u0627\u0644\u0648\u0637\u0646\u064a\u0629 \u0648\u0627\u0644\u062f\u0648\u0644\u064a\u0629\u060c \u0623\u0635\u0628\u062d\u0646\u0627 \u0634\u0631\u064a\u0643\u064b\u0627 \u0645\u0648\u062b\u0648\u0642\u064b\u0627 \u0628\u0647 \u0641\u064a \u0627\u0644\u0645\u0634\u0627\u0631\u064a\u0639 \u0627\u0644\u0639\u0627\u0644\u0645\u064a\u0629 \u062a\u0645\u0627\u0645\u064b\u0627 \u0643\u0645\u0627 \u0646\u062d\u0646 \u0645\u0639 \u0634\u0631\u0643\u0627\u0626\u0646\u0627 \u0627\u0644\u0645\u062d\u0644\u064a\u064a\u0646.<\/span><\/p>\n<p data-start=\"1116\" data-end=\"1390\"><span style=\"color: #282828;\">\u0641\u064a \u062a\u064a\u0645\u062f\u0648\u0643\u0633\u0627\u0646\u060c \u0646\u0648\u0627\u0635\u0644 \u062a\u0637\u0648\u064a\u0631 \u062a\u0643\u0646\u0648\u0644\u0648\u062c\u064a\u0627 \u0627\u0644\u0635\u0628\u060c \u0644\u064a\u0633 \u0641\u0642\u0637 \u0645\u0646 \u062e\u0644\u0627\u0644 \u062a\u0644\u0628\u064a\u0629 \u0627\u062d\u062a\u064a\u0627\u062c\u0627\u062a \u0627\u0644\u064a\u0648\u0645\u060c \u0628\u0644 \u0648\u0627\u0633\u062a\u0628\u0627\u0642 \u0645\u062a\u0637\u0644\u0628\u0627\u062a \u0627\u0644\u0645\u0633\u062a\u0642\u0628\u0644 \u0623\u064a\u0636\u064b\u0627. \u0644\u0627 \u0646\u0646\u0638\u0631 \u0625\u0644\u0649 \u0623\u0639\u0645\u0627\u0644 \u0627\u0644\u0635\u0628 \u0639\u0644\u0649 \u0623\u0646\u0647\u0627 \u0645\u062c\u0631\u062f \u0639\u0645\u0644\u064a\u0629 \u0625\u0646\u062a\u0627\u062c\u060c \u0628\u0644 \u0641\u0646 \u0635\u0646\u0627\u0639\u064a \u064a\u062a\u0637\u0644\u0628 \u062d\u0633\u064b\u0627 \u0639\u0627\u0644\u064a\u064b\u0627 \u0628\u0627\u0644\u0645\u0633\u0624\u0648\u0644\u064a\u0629.<\/span><\/p>\n\t\t<\/div>\n\t\t\t\t\t<\/div>\n\n\t\n<\/div>\n\t\t<\/div>\n\t\t\t\t\t<\/div>\n\n\t\n<\/div>","protected":false},"excerpt":{"rendered":"","protected":false},"author":1,"featured_media":34,"parent":0,"menu_order":0,"comment_status":"closed","ping_status":"closed","template":"page-blank.php","meta":{"om_disable_all_campaigns":false,"footnotes":""},"class_list":["post-107","page","type-page","status-publish","has-post-thumbnail","hentry"],"_links":{"self":[{"href":"https:\/\/temdoksan.com\/ar\/wp-json\/wp\/v2\/pages\/107","targetHints":{"allow":["GET"]}}],"collection":[{"href":"https:\/\/temdoksan.com\/ar\/wp-json\/wp\/v2\/pages"}],"about":[{"href":"https:\/\/temdoksan.com\/ar\/wp-json\/wp\/v2\/types\/page"}],"author":[{"embeddable":true,"href":"https:\/\/temdoksan.com\/ar\/wp-json\/wp\/v2\/users\/1"}],"replies":[{"embeddable":true,"href":"https:\/\/temdoksan.com\/ar\/wp-json\/wp\/v2\/comments?post=107"}],"version-history":[{"count":53,"href":"https:\/\/temdoksan.com\/ar\/wp-json\/wp\/v2\/pages\/107\/revisions"}],"predecessor-version":[{"id":1497,"href":"https:\/\/temdoksan.com\/ar\/wp-json\/wp\/v2\/pages\/107\/revisions\/1497"}],"wp:featuredmedia":[{"embeddable":true,"href":"https:\/\/temdoksan.com\/ar\/wp-json\/wp\/v2\/media\/34"}],"wp:attachment":[{"href":"https:\/\/temdoksan.com\/ar\/wp-json\/wp\/v2\/media?parent=107"}],"curies":[{"name":"wp","href":"https:\/\/api.w.org\/{rel}","templated":true}]}}