{"id":107,"date":"2013-08-11T19:06:15","date_gmt":"2013-08-11T19:06:15","guid":{"rendered":"http:\/\/localhost:8888\/test\/?page_id=520"},"modified":"2025-08-18T19:51:08","modified_gmt":"2025-08-18T16:51:08","slug":"hakkimizda-4","status":"publish","type":"page","link":"https:\/\/temdoksan.com\/de\/hakkimizda-4\/","title":{"rendered":"Hakk\u0131m\u0131zda"},"content":{"rendered":"<div class=\"banner has-hover has-parallax\" id=\"banner-319849996\">\n          <div class=\"banner-inner fill\">\n        <div class=\"banner-bg fill\" data-parallax=\"-3\" data-parallax-container=\".banner\" data-parallax-background>\n            <img loading=\"lazy\" decoding=\"async\" width=\"1600\" height=\"252\" src=\"https:\/\/temdoksan.com\/wp-content\/uploads\/2025\/07\/header.webp\" class=\"bg attachment-original size-original\" alt=\"\" \/>                        <div class=\"overlay\"><\/div>            \n                    <\/div>\n\t\t\n        <div class=\"banner-layers container\">\n            <div class=\"fill banner-link\"><\/div>            \n   <div id=\"text-box-313248975\" class=\"text-box banner-layer x0 md-x0 lg-x0 y50 md-y50 lg-y50 res-text\">\n                                <div class=\"text-box-content text dark\">\n              \n              <div class=\"text-inner text-center\">\n                  \n\t<div id=\"text-3986932505\" class=\"text\">\n\t\t\n<h3 class=\"lead\"><span style=\"font-size: 110%;\">\u00dcber uns<\/span><\/h3>\n<p class=\"lead\"><span style=\"font-size: 80%;\">Temd\u00f6ksan steht f\u00fcr Qualit\u00e4t im Guss und Vertrauen in die Technik. Erfahrung in jedem Teil, Pr\u00e4zision in jeder Produktion.<\/span><\/p>\n\t\t\n<style>\n#text-3986932505 {\n  font-size: 1rem;\n  text-align: left;\n}\n<\/style>\n\t<\/div>\n\t\n              <\/div>\n           <\/div>\n                            \n<style>\n#text-box-313248975 {\n  width: 41%;\n}\n#text-box-313248975 .text-box-content {\n  font-size: 100%;\n}\n<\/style>\n    <\/div>\n \n        <\/div>\n      <\/div>\n\n            \n<style>\n#banner-319849996 {\n  padding-top: 300px;\n}\n#banner-319849996 .overlay {\n  background-color: rgba(79, 166, 27, 0);\n}\n#banner-319849996 .banner-bg img {\n  object-position: 21% 63%;\n}\n<\/style>\n  <\/div>\n\n\n<div class=\"row\"  id=\"row-2055353873\">\n\n\t<div id=\"col-1791251937\" class=\"col small-12 large-12\"  >\n\t\t\t\t<div class=\"col-inner\"  >\n\t\t\t\n\t\t\t\n<div class=\"row\"  id=\"row-1668399615\">\n\n\t<div id=\"col-2132774669\" class=\"col small-12 large-12\"  >\n\t\t\t\t<div class=\"col-inner\"  >\n\t\t\t\n\t\t\t\n<p><img loading=\"lazy\" decoding=\"async\" class=\"size-medium wp-image-1287 alignleft\" src=\"https:\/\/temdoksan.com\/wp-content\/uploads\/2025\/07\/bayrak-668x400.webp\" alt=\"\" width=\"668\" height=\"400\" srcset=\"https:\/\/temdoksan.com\/wp-content\/uploads\/2025\/07\/bayrak-668x400.webp 668w, https:\/\/temdoksan.com\/wp-content\/uploads\/2025\/07\/bayrak-768x460.webp 768w, https:\/\/temdoksan.com\/wp-content\/uploads\/2025\/07\/bayrak-600x359.webp 600w, https:\/\/temdoksan.com\/wp-content\/uploads\/2025\/07\/bayrak.webp 1080w\" sizes=\"auto, (max-width: 668px) 100vw, 668px\" \/><\/p>\n<h2 data-start=\"241\" data-end=\"269\"><span style=\"color: #282828;\"><strong data-start=\"241\" data-end=\"269\">Meisterschaft, die Kraft formt<\/strong><\/span><\/h2>\n<p data-start=\"127\" data-end=\"394\" class=\" translation-block\"><strong>TEMD\u00d6KSAN<\/strong> ist ein Maschinenbauunternehmen, das mit jahrelanger Erfahrung in der Herstellung von Gusseisen, Sph\u00e4roguss und Stahlguss den kritischsten Teilen der Schwerindustrie Leben einhaucht. <br>Seit dem Tag unserer Gr\u00fcndung gie\u00dfen wir nicht nur Metall, sondern auch <strong data-start=\"\u201a352\u2018\">Vertrauen, Qualit\u00e4t und Kontinuit\u00e4t<\/strong>.<\/p>\n<p data-start=\"396\" data-end=\"699\"><span style=\"color: #282828;\">Mit unserer modernen Produktionsst\u00e4tte, Hightech-Infrastruktur und erfahrenen Mitarbeitern bieten wir Speziall\u00f6sungen f\u00fcr eine Vielzahl von Branchen, von der Automobil- bis zur Verteidigungsindustrie, von Landmaschinen bis zum allgemeinen Maschinenbau. Unsere Formen sind nicht einfach nur Formen, sondern Jahre der Erfahrung und Perfektion.<\/span><\/p>\n<h4 data-start=\"677\" data-end=\"708\"><span style=\"color: #282828;\">\u00dcretim altyap\u0131m\u0131zda yer alan:<\/span><\/h4>\n<ul data-start=\"709\" data-end=\"1061\">\n<li data-start=\"709\" data-end=\"764\">\n<p data-start=\"711\" data-end=\"764\"><span style=\"color: #282828;\">ICS \u0130nd\u00fcksiyon Sistemi Ergitme Oca\u011f\u0131 2025 Model<\/span><\/p>\n<\/li>\n<li data-start=\"765\" data-end=\"834\">\n<p data-start=\"767\" data-end=\"834\"><span style=\"color: #282828;\">STR Strong Makine 1 Tonluk Ask\u0131l\u0131 Kumlama Makinesi 2025 Model<\/span><\/p>\n<\/li>\n<li data-start=\"835\" data-end=\"1061\">\n<p data-start=\"837\" data-end=\"1061\"><span style=\"color: #282828;\">DeneyLab Analiz Sistemleri Spektrometre Analiz Cihaz\u0131 2025 Model, 26 element analiz edebilen Innovate T5 modeli<\/span><br data-start=\"956\" data-end=\"959\" \/><span style=\"color: #282828;\">sayesinde, \u00fcretim s\u00fcrecimizin her a\u015famas\u0131nda y\u00fcksek verimlilik, hassasiyet ve g\u00fcvenilirlik sa\u011fl\u0131yoruz.<\/span><\/p>\n<\/li>\n<\/ul>\n<p data-start=\"701\" data-end=\"887\" class=\" translation-block\">Unser Produktionsportfolio umfasst au\u00dferdem: <strong>Sonderlegierungskomponenten,<\/strong> <strong>hochchromhaltige Bauteile,<\/strong> <strong>hohmangangehaltige Bauteile<\/strong> und <strong>Ni-Hard-Werkstoffe<\/strong>.<\/p>\n<p data-start=\"889\" data-end=\"1055\" class=\" translation-block\">Au\u00dferdem umfasst unser Produktionsportfolio: <strong>Bauteile aus Sonderlegierungen,<\/strong> <strong>hochchromhaltige Komponenten,<\/strong> <strong>hohmangangehaltige Komponenten<\/strong> und <strong>Ni-Hard-Werkstoffe<\/strong>.<\/p>\n<p data-start=\"833\" data-end=\"1114\"><span style=\"color: #282828;\">Jedes unserer Produkte zeichnet sich durch pr\u00e4zise Messungen, detaillierte Qualit\u00e4tskontrollprozesse und einen kundenspezifischen Produktionsansatz aus. Unsere Produktionsphilosophie, die sich an nationalen und internationalen Standards orientiert, macht uns zu einem bevorzugten L\u00f6sungspartner f\u00fcr globale Projekte sowie f\u00fcr unsere lokalen Gesch\u00e4ftspartner.<\/span><\/p>\n<p data-start=\"1116\" data-end=\"1390\"><span style=\"color: #282828;\">Bei TEMD\u00d6KSAN ist es unsere Vision, die Gusstechnologie kontinuierlich weiterzuentwickeln, indem wir nicht nur die heutigen Bed\u00fcrfnisse, sondern auch die Anforderungen der Zukunft antizipieren. Wir betrachten Gie\u00dfen nicht nur als Produktionsprozess, sondern auch als industrielle Kunst, die ein hohes Ma\u00df an Verantwortung erfordert.<\/span><\/p>\n\t\t<\/div>\n\t\t\t\t\t<\/div>\n\n\t\n<\/div>\n\t\t<\/div>\n\t\t\t\t\t<\/div>\n\n\t\n<\/div>","protected":false},"excerpt":{"rendered":"","protected":false},"author":1,"featured_media":34,"parent":0,"menu_order":0,"comment_status":"closed","ping_status":"closed","template":"page-blank.php","meta":{"om_disable_all_campaigns":false,"footnotes":""},"class_list":["post-107","page","type-page","status-publish","has-post-thumbnail","hentry"],"_links":{"self":[{"href":"https:\/\/temdoksan.com\/de\/wp-json\/wp\/v2\/pages\/107","targetHints":{"allow":["GET"]}}],"collection":[{"href":"https:\/\/temdoksan.com\/de\/wp-json\/wp\/v2\/pages"}],"about":[{"href":"https:\/\/temdoksan.com\/de\/wp-json\/wp\/v2\/types\/page"}],"author":[{"embeddable":true,"href":"https:\/\/temdoksan.com\/de\/wp-json\/wp\/v2\/users\/1"}],"replies":[{"embeddable":true,"href":"https:\/\/temdoksan.com\/de\/wp-json\/wp\/v2\/comments?post=107"}],"version-history":[{"count":53,"href":"https:\/\/temdoksan.com\/de\/wp-json\/wp\/v2\/pages\/107\/revisions"}],"predecessor-version":[{"id":1497,"href":"https:\/\/temdoksan.com\/de\/wp-json\/wp\/v2\/pages\/107\/revisions\/1497"}],"wp:featuredmedia":[{"embeddable":true,"href":"https:\/\/temdoksan.com\/de\/wp-json\/wp\/v2\/media\/34"}],"wp:attachment":[{"href":"https:\/\/temdoksan.com\/de\/wp-json\/wp\/v2\/media?parent=107"}],"curies":[{"name":"wp","href":"https:\/\/api.w.org\/{rel}","templated":true}]}}