{"id":1076,"date":"2021-11-21T09:50:11","date_gmt":"2021-11-21T06:50:11","guid":{"rendered":"https:\/\/temdoksan.com\/?page_id=1076"},"modified":"2025-07-01T15:23:24","modified_gmt":"2025-07-01T12:23:24","slug":"kum-hazirlama","status":"publish","type":"page","link":"https:\/\/temdoksan.com\/de\/kum-hazirlama\/","title":{"rendered":"Sandaufbereitung"},"content":{"rendered":"<div class=\"banner has-hover has-parallax\" id=\"banner-2010193018\">\n          <div class=\"banner-inner fill\">\n        <div class=\"banner-bg fill\" data-parallax=\"-1\" data-parallax-container=\".banner\" data-parallax-background>\n            <img loading=\"lazy\" decoding=\"async\" width=\"1600\" height=\"252\" src=\"https:\/\/temdoksan.com\/wp-content\/uploads\/2025\/07\/header-1.webp\" class=\"bg attachment-original size-original\" alt=\"\" \/>                        <div class=\"overlay\"><\/div>            \n                    <\/div>\n\t\t\n        <div class=\"banner-layers container\">\n            <div class=\"fill banner-link\"><\/div>            \n   <div id=\"text-box-249200601\" class=\"text-box banner-layer x0 md-x0 lg-x0 y50 md-y50 lg-y50 res-text\">\n                                <div class=\"text-box-content text dark\">\n              \n              <div class=\"text-inner text-center\">\n                  \n\t<div id=\"text-2084522144\" class=\"text\">\n\t\t\n<h3 class=\"lead\"><span style=\"font-size: 110%;\">Sandaufbereitung<\/span><\/h3>\n\t\t\n<style>\n#text-2084522144 {\n  font-size: 1rem;\n  text-align: left;\n}\n<\/style>\n\t<\/div>\n\t\n              <\/div>\n           <\/div>\n                            \n<style>\n#text-box-249200601 {\n  width: 60%;\n}\n#text-box-249200601 .text-box-content {\n  font-size: 100%;\n}\n<\/style>\n    <\/div>\n \n        <\/div>\n      <\/div>\n\n            \n<style>\n#banner-2010193018 {\n  padding-top: 300px;\n}\n#banner-2010193018 .overlay {\n  background-color: rgba(79, 166, 27, 0);\n}\n#banner-2010193018 .banner-bg img {\n  object-position: 15% 42%;\n}\n<\/style>\n  <\/div>\n\n\n<div class=\"row\"  id=\"row-1838252808\">\n\n\t<div id=\"col-1316897729\" class=\"col small-12 large-12\"  >\n\t\t\t\t<div class=\"col-inner\"  >\n\t\t\t\n\t\t\t\n<div class=\"row\"  id=\"row-1490596202\">\n\n\t<div id=\"col-1177703758\" class=\"col medium-3 small-12 large-3\"  >\n\t\t\t\t<div class=\"col-inner\"  >\n\t\t\t\n\t\t\t\n<ul class=\"sidebar-wrapper ul-reset\"><aside id=\"nav_menu-3\" class=\"widget widget_nav_menu\"><span class=\"widget-title\"><span>H\u0130ZMETLER\u0130M\u0130Z<\/span><\/span><div class=\"is-divider small\"><\/div><div class=\"menu-anakategori-container\"><ul id=\"menu-anakategori\" class=\"menu\"><li id=\"menu-item-1351\" class=\"menu-item menu-item-type-post_type menu-item-object-page menu-item-1351\"><a href=\"https:\/\/temdoksan.com\/de\/kum-hazirlama\/\">Sandaufbereitung<\/a><\/li>\n<li id=\"menu-item-1352\" class=\"menu-item menu-item-type-post_type menu-item-object-page menu-item-1352\"><a href=\"https:\/\/temdoksan.com\/de\/kaliplama\/\">Bildung<\/a><\/li>\n<li id=\"menu-item-1353\" class=\"menu-item menu-item-type-post_type menu-item-object-page menu-item-1353\"><a href=\"https:\/\/temdoksan.com\/de\/ergitme\/\">Schmelzen<\/a><\/li>\n<li id=\"menu-item-1354\" class=\"menu-item menu-item-type-post_type menu-item-object-page menu-item-1354\"><a href=\"https:\/\/temdoksan.com\/de\/isil-islem\/\">W\u00e4rmebehandlung<\/a><\/li>\n<li id=\"menu-item-1355\" class=\"menu-item menu-item-type-post_type menu-item-object-page menu-item-1355\"><a href=\"https:\/\/temdoksan.com\/de\/kalite-kontrol\/\">Qualit\u00e4tskontrolle<\/a><\/li>\n<\/ul><\/div><\/aside><\/ul>\n<ul class=\"sidebar-wrapper ul-reset widgets-framed\"><\/ul>\n\t\t<\/div>\n\t\t\t\t\t<\/div>\n\n\t\n\n\t<div id=\"col-2052216147\" class=\"col medium-9 small-12 large-9\"  >\n\t\t\t\t<div class=\"col-inner\"  >\n\t\t\t\n\t\t\t\n<div class=\"row\"  id=\"row-934448018\">\n\n\t<div id=\"col-1195589664\" class=\"col medium-6 small-12 large-6\"  >\n\t\t\t\t<div class=\"col-inner\"  >\n\t\t\t\n\t\t\t\n\t<div class=\"img has-hover x md-x lg-x y md-y lg-y\" id=\"image_451691493\">\n\t\t<a class=\"image-lightbox lightbox-gallery\" title=\"\" href=\"https:\/\/temdoksan.com\/wp-content\/uploads\/2025\/07\/kumhazirlama-1.webp\">\t\t\t\t\t\t<div class=\"img-inner dark\" >\n\t\t\t<img loading=\"lazy\" decoding=\"async\" width=\"600\" height=\"337\" src=\"https:\/\/temdoksan.com\/wp-content\/uploads\/2025\/07\/kumhazirlama-1.webp\" class=\"attachment-large size-large\" alt=\"\" \/>\t\t\t\t\t\t\n\t\t\t\t\t<\/div>\n\t\t\t\t\t\t<\/a>\t\t\n<style>\n#image_451691493 {\n  width: 100%;\n}\n<\/style>\n\t<\/div>\n\t\n\t<div id=\"gap-1033111805\" class=\"gap-element clearfix\" style=\"display:block; height:auto;\">\n\t\t\n<style>\n#gap-1033111805 {\n  padding-top: 108px;\n}\n<\/style>\n\t<\/div>\n\t\n\t\t<\/div>\n\t\t\t\t\t<\/div>\n\n\t\n\n\t<div id=\"col-382196038\" class=\"col medium-6 small-12 large-6\"  >\n\t\t\t\t<div class=\"col-inner\"  >\n\t\t\t\n\t\t\t\n<h2>Sandaufbereitung<\/h2>\n<p data-start=\"153\" data-end=\"427\"><span style=\"color: #282828;\">Presle \u015fekillendirilen d\u00f6k\u00fcm dereceleri, hat \u00fczerinden itme mekanizmas\u0131yla d\u00f6k\u00fcm alan\u0131na aktar\u0131l\u0131r ve d\u00f6k\u00fcm i\u00e7in haz\u0131r hale getirilir. Ergitilerek potalara al\u0131nan s\u0131v\u0131 metal, bu derecelerin i\u00e7ine dikkatle d\u00f6k\u00fcl\u00fcr. D\u00f6k\u00fcm i\u015fleminden sonra kal\u0131plar bir s\u00fcre so\u011fumaya b\u0131rak\u0131l\u0131r.<\/span><\/p>\n<p data-start=\"429\" data-end=\"713\" class=\" translation-block\"><span style=\"color: #282828\">Nach Abschluss des Abk\u00fchlprozesses werden die Formen zur <strong data-start=\"494\" data-end=\"515\">Sch\u00fcttelmaschine<\/strong> weitergeleitet. In diesem Schritt werden die Formen mit Unterst\u00fctzung eines Robotersystems aufgel\u00f6st und die beim Guss entstandenen <strong data-start=\"604\" data-end=\"621\">Halbfertigteile<\/strong> separiert. Die gewonnenen Teile werden anschlie\u00dfend zur Oberfl\u00e4chenreinigung an die <strong data-start=\"678\" data-end=\"702\">Strahlanlagen<\/strong> \u00fcbergeben.<\/span><\/p>\n<p data-start=\"715\" data-end=\"946\" class=\" translation-block\"><span style=\"color: #282828\">Der aus den Formen gel\u00f6ste Sand und die Grate werden mithilfe eines <strong data-start=\"752\" data-end=\"774\">Magnetabscheiders<\/strong> von Metallr\u00fcckst\u00e4nden befreit. Der verbleibende saubere Sand wird zur Wiederverwendung in die Silos zur\u00fcckgeleitet, womit der zyklische Sandaufbereitungsprozess abgeschlossen ist.<\/span><\/p>\n\t<div id=\"gap-1219071503\" class=\"gap-element clearfix\" style=\"display:block; height:auto;\">\n\t\t\n<style>\n#gap-1219071503 {\n  padding-top: 86px;\n}\n<\/style>\n\t<\/div>\n\t\n\t<div id=\"gap-1765553750\" class=\"gap-element clearfix\" style=\"display:block; height:auto;\">\n\t\t\n<style>\n#gap-1765553750 {\n  padding-top: 31px;\n}\n<\/style>\n\t<\/div>\n\t\n\t\t<\/div>\n\t\t\t\t\t<\/div>\n\n\t\n<\/div>\n\t\t<\/div>\n\t\t\t\t\t<\/div>\n\n\t\n<\/div>\n\t\t<\/div>\n\t\t\t\t\t<\/div>\n\n\t\n<\/div>","protected":false},"excerpt":{"rendered":"","protected":false},"author":1,"featured_media":34,"parent":0,"menu_order":0,"comment_status":"closed","ping_status":"closed","template":"page-blank.php","meta":{"om_disable_all_campaigns":false,"footnotes":""},"class_list":["post-1076","page","type-page","status-publish","has-post-thumbnail","hentry"],"_links":{"self":[{"href":"https:\/\/temdoksan.com\/de\/wp-json\/wp\/v2\/pages\/1076","targetHints":{"allow":["GET"]}}],"collection":[{"href":"https:\/\/temdoksan.com\/de\/wp-json\/wp\/v2\/pages"}],"about":[{"href":"https:\/\/temdoksan.com\/de\/wp-json\/wp\/v2\/types\/page"}],"author":[{"embeddable":true,"href":"https:\/\/temdoksan.com\/de\/wp-json\/wp\/v2\/users\/1"}],"replies":[{"embeddable":true,"href":"https:\/\/temdoksan.com\/de\/wp-json\/wp\/v2\/comments?post=1076"}],"version-history":[{"count":10,"href":"https:\/\/temdoksan.com\/de\/wp-json\/wp\/v2\/pages\/1076\/revisions"}],"predecessor-version":[{"id":1383,"href":"https:\/\/temdoksan.com\/de\/wp-json\/wp\/v2\/pages\/1076\/revisions\/1383"}],"wp:featuredmedia":[{"embeddable":true,"href":"https:\/\/temdoksan.com\/de\/wp-json\/wp\/v2\/media\/34"}],"wp:attachment":[{"href":"https:\/\/temdoksan.com\/de\/wp-json\/wp\/v2\/media?parent=1076"}],"curies":[{"name":"wp","href":"https:\/\/api.w.org\/{rel}","templated":true}]}}