{"id":1335,"date":"2025-07-01T12:58:24","date_gmt":"2025-07-01T09:58:24","guid":{"rendered":"https:\/\/temdoksan.com\/?page_id=1335"},"modified":"2025-07-01T15:24:12","modified_gmt":"2025-07-01T12:24:12","slug":"kaliplama","status":"publish","type":"page","link":"https:\/\/temdoksan.com\/de\/kaliplama\/","title":{"rendered":"Bildung"},"content":{"rendered":"<div class=\"banner has-hover has-parallax\" id=\"banner-906604555\">\n          <div class=\"banner-inner fill\">\n        <div class=\"banner-bg fill\" data-parallax=\"-1\" data-parallax-container=\".banner\" data-parallax-background>\n            <img loading=\"lazy\" decoding=\"async\" width=\"1600\" height=\"252\" src=\"https:\/\/temdoksan.com\/wp-content\/uploads\/2025\/07\/header-1.webp\" class=\"bg attachment-original size-original\" alt=\"\" \/>                        <div class=\"overlay\"><\/div>            \n                    <\/div>\n\t\t\n        <div class=\"banner-layers container\">\n            <div class=\"fill banner-link\"><\/div>            \n   <div id=\"text-box-1573705359\" class=\"text-box banner-layer x0 md-x0 lg-x0 y50 md-y50 lg-y50 res-text\">\n                                <div class=\"text-box-content text dark\">\n              \n              <div class=\"text-inner text-center\">\n                  \n\t<div id=\"text-1681620738\" class=\"text\">\n\t\t\n<h3 class=\"lead\"><span style=\"font-size: 110%;\">Bildung<\/span><\/h3>\n\t\t\n<style>\n#text-1681620738 {\n  font-size: 1rem;\n  text-align: left;\n}\n<\/style>\n\t<\/div>\n\t\n              <\/div>\n           <\/div>\n                            \n<style>\n#text-box-1573705359 {\n  width: 60%;\n}\n#text-box-1573705359 .text-box-content {\n  font-size: 100%;\n}\n<\/style>\n    <\/div>\n \n        <\/div>\n      <\/div>\n\n            \n<style>\n#banner-906604555 {\n  padding-top: 300px;\n}\n#banner-906604555 .overlay {\n  background-color: rgba(79, 166, 27, 0);\n}\n#banner-906604555 .banner-bg img {\n  object-position: 15% 42%;\n}\n<\/style>\n  <\/div>\n\n\n<div class=\"row\"  id=\"row-790979356\">\n\n\t<div id=\"col-2085304094\" class=\"col small-12 large-12\"  >\n\t\t\t\t<div class=\"col-inner\"  >\n\t\t\t\n\t\t\t\n<div class=\"row\"  id=\"row-1745835499\">\n\n\t<div id=\"col-336811319\" class=\"col medium-3 small-12 large-3\"  >\n\t\t\t\t<div class=\"col-inner\"  >\n\t\t\t\n\t\t\t\n<ul class=\"sidebar-wrapper ul-reset\"><aside id=\"nav_menu-3\" class=\"widget widget_nav_menu\"><span class=\"widget-title\"><span>H\u0130ZMETLER\u0130M\u0130Z<\/span><\/span><div class=\"is-divider small\"><\/div><div class=\"menu-anakategori-container\"><ul id=\"menu-anakategori\" class=\"menu\"><li id=\"menu-item-1351\" class=\"menu-item menu-item-type-post_type menu-item-object-page menu-item-1351\"><a href=\"https:\/\/temdoksan.com\/de\/kum-hazirlama\/\">Sandaufbereitung<\/a><\/li>\n<li id=\"menu-item-1352\" class=\"menu-item menu-item-type-post_type menu-item-object-page menu-item-1352\"><a href=\"https:\/\/temdoksan.com\/de\/kaliplama\/\">Bildung<\/a><\/li>\n<li id=\"menu-item-1353\" class=\"menu-item menu-item-type-post_type menu-item-object-page menu-item-1353\"><a href=\"https:\/\/temdoksan.com\/de\/ergitme\/\">Schmelzen<\/a><\/li>\n<li id=\"menu-item-1354\" class=\"menu-item menu-item-type-post_type menu-item-object-page menu-item-1354\"><a href=\"https:\/\/temdoksan.com\/de\/isil-islem\/\">W\u00e4rmebehandlung<\/a><\/li>\n<li id=\"menu-item-1355\" class=\"menu-item menu-item-type-post_type menu-item-object-page menu-item-1355\"><a href=\"https:\/\/temdoksan.com\/de\/kalite-kontrol\/\">Qualit\u00e4tskontrolle<\/a><\/li>\n<\/ul><\/div><\/aside><\/ul>\n<ul class=\"sidebar-wrapper ul-reset widgets-framed\"><\/ul>\n\t\t<\/div>\n\t\t\t\t\t<\/div>\n\n\t\n\n\t<div id=\"col-1427436246\" class=\"col medium-9 small-12 large-9\"  >\n\t\t\t\t<div class=\"col-inner\"  >\n\t\t\t\n\t\t\t\n<div class=\"row\"  id=\"row-1454554456\">\n\n\t<div id=\"col-859697117\" class=\"col medium-6 small-12 large-6\"  >\n\t\t\t\t<div class=\"col-inner\"  >\n\t\t\t\n\t\t\t\n\t<div class=\"img has-hover x md-x lg-x y md-y lg-y\" id=\"image_1476595874\">\n\t\t<a class=\"image-lightbox lightbox-gallery\" title=\"\" href=\"https:\/\/temdoksan.com\/wp-content\/uploads\/2025\/07\/kaliplama.webp\">\t\t\t\t\t\t<div class=\"img-inner dark\" >\n\t\t\t<img loading=\"lazy\" decoding=\"async\" width=\"600\" height=\"337\" src=\"https:\/\/temdoksan.com\/wp-content\/uploads\/2025\/07\/kaliplama.webp\" class=\"attachment-large size-large\" alt=\"\" \/>\t\t\t\t\t\t\n\t\t\t\t\t<\/div>\n\t\t\t\t\t\t<\/a>\t\t\n<style>\n#image_1476595874 {\n  width: 100%;\n}\n<\/style>\n\t<\/div>\n\t\n\t<div id=\"gap-598240939\" class=\"gap-element clearfix\" style=\"display:block; height:auto;\">\n\t\t\n<style>\n#gap-598240939 {\n  padding-top: 108px;\n}\n<\/style>\n\t<\/div>\n\t\n\t\t<\/div>\n\t\t\t\t\t<\/div>\n\n\t\n\n\t<div id=\"col-1786520846\" class=\"col medium-6 small-12 large-6\"  >\n\t\t\t\t<div class=\"col-inner\"  >\n\t\t\t\n\t\t\t\n<h2>Bildung<\/h2>\n<p data-start=\"141\" data-end=\"411\"><span style=\"color: #282828;\">Der zuvor auf den gew\u00fcnschten Feuchtigkeitsgehalt eingestellte Formsand wird \u00fcber das Automatisierungssystem in die \u00fcber der Pressmaschine befindlichen Sandbeh\u00e4lter transportiert. Die f\u00fcr das Formen ben\u00f6tigte Sandmenge wird ebenfalls automatisiert, pr\u00e4zise und getrennt in die Ober- und Unterk\u00e4sten eingef\u00fcllt.<\/span><\/p>\n<p data-start=\"413\" data-end=\"649\" class=\" translation-block\"><span style=\"color: #282828\">Falls ein <strong data-start=\"447\" data-end=\"455\">Kern<\/strong> f\u00fcr den Gie\u00dfprozess erforderlich ist, wird dieses Teil in die Form eingelegt. Anschlie\u00dfend werden die Formsande mithilfe eines hydraulischen Drucksystems mit hoher Kraft verdichtet, wodurch die Form gestaltet und die erforderliche Festigkeit sichergestellt wird.<\/span><\/p>\n<p data-start=\"651\" data-end=\"863\"><span style=\"color: #282828;\">Nachdem die vorbereiteten Formen f\u00fcr den Gie\u00dfvorgang bereit sind, werden sie \u00fcber die Linie zum Gie\u00dfbereich weitergeleitet. Das geschmolzene fl\u00fcssige Metall wird kontrolliert mit Tiegeln in die Formen gegossen, wodurch der Gie\u00dfprozess erfolgreich abgeschlossen wird.<\/span><\/p>\n\t<div id=\"gap-15298314\" class=\"gap-element clearfix\" style=\"display:block; height:auto;\">\n\t\t\n<style>\n#gap-15298314 {\n  padding-top: 86px;\n}\n<\/style>\n\t<\/div>\n\t\n\t<div id=\"gap-1177461996\" class=\"gap-element clearfix\" style=\"display:block; height:auto;\">\n\t\t\n<style>\n#gap-1177461996 {\n  padding-top: 31px;\n}\n<\/style>\n\t<\/div>\n\t\n\t\t<\/div>\n\t\t\t\t\t<\/div>\n\n\t\n<\/div>\n\t\t<\/div>\n\t\t\t\t\t<\/div>\n\n\t\n<\/div>\n\t\t<\/div>\n\t\t\t\t\t<\/div>\n\n\t\n<\/div>","protected":false},"excerpt":{"rendered":"","protected":false},"author":1,"featured_media":34,"parent":0,"menu_order":0,"comment_status":"closed","ping_status":"closed","template":"page-blank.php","meta":{"om_disable_all_campaigns":false,"footnotes":""},"class_list":["post-1335","page","type-page","status-publish","has-post-thumbnail","hentry"],"_links":{"self":[{"href":"https:\/\/temdoksan.com\/de\/wp-json\/wp\/v2\/pages\/1335","targetHints":{"allow":["GET"]}}],"collection":[{"href":"https:\/\/temdoksan.com\/de\/wp-json\/wp\/v2\/pages"}],"about":[{"href":"https:\/\/temdoksan.com\/de\/wp-json\/wp\/v2\/types\/page"}],"author":[{"embeddable":true,"href":"https:\/\/temdoksan.com\/de\/wp-json\/wp\/v2\/users\/1"}],"replies":[{"embeddable":true,"href":"https:\/\/temdoksan.com\/de\/wp-json\/wp\/v2\/comments?post=1335"}],"version-history":[{"count":5,"href":"https:\/\/temdoksan.com\/de\/wp-json\/wp\/v2\/pages\/1335\/revisions"}],"predecessor-version":[{"id":1384,"href":"https:\/\/temdoksan.com\/de\/wp-json\/wp\/v2\/pages\/1335\/revisions\/1384"}],"wp:featuredmedia":[{"embeddable":true,"href":"https:\/\/temdoksan.com\/de\/wp-json\/wp\/v2\/media\/34"}],"wp:attachment":[{"href":"https:\/\/temdoksan.com\/de\/wp-json\/wp\/v2\/media?parent=1335"}],"curies":[{"name":"wp","href":"https:\/\/api.w.org\/{rel}","templated":true}]}}