{"id":1340,"date":"2025-07-01T13:02:09","date_gmt":"2025-07-01T10:02:09","guid":{"rendered":"https:\/\/temdoksan.com\/?page_id=1340"},"modified":"2025-07-01T15:24:55","modified_gmt":"2025-07-01T12:24:55","slug":"ergitme","status":"publish","type":"page","link":"https:\/\/temdoksan.com\/de\/ergitme\/","title":{"rendered":"Schmelzen"},"content":{"rendered":"<div class=\"banner has-hover has-parallax\" id=\"banner-2022262899\">\n          <div class=\"banner-inner fill\">\n        <div class=\"banner-bg fill\" data-parallax=\"-1\" data-parallax-container=\".banner\" data-parallax-background>\n            <img loading=\"lazy\" decoding=\"async\" width=\"1600\" height=\"252\" src=\"https:\/\/temdoksan.com\/wp-content\/uploads\/2025\/07\/header-1.webp\" class=\"bg attachment-original size-original\" alt=\"\" \/>                        <div class=\"overlay\"><\/div>            \n                    <\/div>\n\t\t\n        <div class=\"banner-layers container\">\n            <div class=\"fill banner-link\"><\/div>            \n   <div id=\"text-box-810625834\" class=\"text-box banner-layer x0 md-x0 lg-x0 y50 md-y50 lg-y50 res-text\">\n                                <div class=\"text-box-content text dark\">\n              \n              <div class=\"text-inner text-center\">\n                  \n\t<div id=\"text-835337295\" class=\"text\">\n\t\t\n<h3 class=\"lead\"><span style=\"font-size: 110%;\">Schmelzen<\/span><\/h3>\n\t\t\n<style>\n#text-835337295 {\n  font-size: 1rem;\n  text-align: left;\n}\n<\/style>\n\t<\/div>\n\t\n              <\/div>\n           <\/div>\n                            \n<style>\n#text-box-810625834 {\n  width: 60%;\n}\n#text-box-810625834 .text-box-content {\n  font-size: 100%;\n}\n<\/style>\n    <\/div>\n \n        <\/div>\n      <\/div>\n\n            \n<style>\n#banner-2022262899 {\n  padding-top: 300px;\n}\n#banner-2022262899 .overlay {\n  background-color: rgba(79, 166, 27, 0);\n}\n#banner-2022262899 .banner-bg img {\n  object-position: 15% 42%;\n}\n<\/style>\n  <\/div>\n\n\n<div class=\"row\"  id=\"row-1071016983\">\n\n\t<div id=\"col-284548151\" class=\"col small-12 large-12\"  >\n\t\t\t\t<div class=\"col-inner\"  >\n\t\t\t\n\t\t\t\n<div class=\"row\"  id=\"row-721693583\">\n\n\t<div id=\"col-345852373\" class=\"col medium-3 small-12 large-3\"  >\n\t\t\t\t<div class=\"col-inner\"  >\n\t\t\t\n\t\t\t\n<ul class=\"sidebar-wrapper ul-reset\"><aside id=\"nav_menu-3\" class=\"widget widget_nav_menu\"><span class=\"widget-title\"><span>H\u0130ZMETLER\u0130M\u0130Z<\/span><\/span><div class=\"is-divider small\"><\/div><div class=\"menu-anakategori-container\"><ul id=\"menu-anakategori\" class=\"menu\"><li id=\"menu-item-1351\" class=\"menu-item menu-item-type-post_type menu-item-object-page menu-item-1351\"><a href=\"https:\/\/temdoksan.com\/de\/kum-hazirlama\/\">Sandaufbereitung<\/a><\/li>\n<li id=\"menu-item-1352\" class=\"menu-item menu-item-type-post_type menu-item-object-page menu-item-1352\"><a href=\"https:\/\/temdoksan.com\/de\/kaliplama\/\">Bildung<\/a><\/li>\n<li id=\"menu-item-1353\" class=\"menu-item menu-item-type-post_type menu-item-object-page menu-item-1353\"><a href=\"https:\/\/temdoksan.com\/de\/ergitme\/\">Schmelzen<\/a><\/li>\n<li id=\"menu-item-1354\" class=\"menu-item menu-item-type-post_type menu-item-object-page menu-item-1354\"><a href=\"https:\/\/temdoksan.com\/de\/isil-islem\/\">W\u00e4rmebehandlung<\/a><\/li>\n<li id=\"menu-item-1355\" class=\"menu-item menu-item-type-post_type menu-item-object-page menu-item-1355\"><a href=\"https:\/\/temdoksan.com\/de\/kalite-kontrol\/\">Qualit\u00e4tskontrolle<\/a><\/li>\n<\/ul><\/div><\/aside><\/ul>\n<ul class=\"sidebar-wrapper ul-reset widgets-framed\"><\/ul>\n\t\t<\/div>\n\t\t\t\t\t<\/div>\n\n\t\n\n\t<div id=\"col-1388752435\" class=\"col medium-9 small-12 large-9\"  >\n\t\t\t\t<div class=\"col-inner\"  >\n\t\t\t\n\t\t\t\n<div class=\"row\"  id=\"row-157457854\">\n\n\t<div id=\"col-1125211199\" class=\"col medium-6 small-12 large-6\"  >\n\t\t\t\t<div class=\"col-inner\"  >\n\t\t\t\n\t\t\t\n\t<div class=\"img has-hover x md-x lg-x y md-y lg-y\" id=\"image_1996342563\">\n\t\t<a class=\"image-lightbox lightbox-gallery\" title=\"\" href=\"https:\/\/temdoksan.com\/wp-content\/uploads\/2025\/07\/ergitme.webp\">\t\t\t\t\t\t<div class=\"img-inner dark\" >\n\t\t\t<img loading=\"lazy\" decoding=\"async\" width=\"600\" height=\"337\" src=\"https:\/\/temdoksan.com\/wp-content\/uploads\/2025\/07\/ergitme.webp\" class=\"attachment-large size-large\" alt=\"\" \/>\t\t\t\t\t\t\n\t\t\t\t\t<\/div>\n\t\t\t\t\t\t<\/a>\t\t\n<style>\n#image_1996342563 {\n  width: 100%;\n}\n<\/style>\n\t<\/div>\n\t\n\t<div id=\"gap-18489938\" class=\"gap-element clearfix\" style=\"display:block; height:auto;\">\n\t\t\n<style>\n#gap-18489938 {\n  padding-top: 108px;\n}\n<\/style>\n\t<\/div>\n\t\n\t\t<\/div>\n\t\t\t\t\t<\/div>\n\n\t\n\n\t<div id=\"col-1052427327\" class=\"col medium-6 small-12 large-6\"  >\n\t\t\t\t<div class=\"col-inner\"  >\n\t\t\t\n\t\t\t\n<h2>Schmelzen<\/h2>\n<p data-start=\"138\" data-end=\"381\"><span style=\"color: #282828;\">Der Schmelzprozess beginnt mit dem Aufheizen der \u00d6fen mit elektrischer Energie f\u00fcr eine bestimmte Zeit. Die f\u00fcr den Guss zu verwendenden Rohstoffe werden dann abgewogen und in den Ofen gegeben. Je nach Materialart werden Legierungselemente wie Kohlenstoff, Siliziumdioxid, Mangan und Chrom hinzugef\u00fcgt.<\/span><\/p>\n<p data-start=\"383\" data-end=\"653\"><span style=\"color: #282828;\">Vor dem Gie\u00dfvorgang wird eine Chill-Probe entnommen, um die chemische Zusammensetzung der Schmelze zu kontrollieren. Diese Probe wird unverz\u00fcglich ins Labor gebracht, wo sie nach dem Schneiden und Polieren im Spektrometer analysiert und zusammen mit ihrer Nummer dokumentiert wird.<\/span><\/p>\n<p data-start=\"655\" data-end=\"976\"><span style=\"color: #282828;\">Sollten die angestrebten chemischen Werte im Analyseergebnis nicht erreicht werden, wird der Schmelzofen entsprechend angepasst und fehlende oder \u00fcbersch\u00fcssige Legierungselemente korrigiert. Anschlie\u00dfend wird eine neue Probe entnommen und der Analyseprozess wiederholt. Sobald die Endwerte im gew\u00fcnschten Bereich liegen, wird das Material ohne Verz\u00f6gerung in die Tiegel \u00fcberf\u00fchrt und der Schmelz- und Gie\u00dfprozess abgeschlossen.<\/span><\/p>\n\t<div id=\"gap-1981427819\" class=\"gap-element clearfix\" style=\"display:block; height:auto;\">\n\t\t\n<style>\n#gap-1981427819 {\n  padding-top: 86px;\n}\n<\/style>\n\t<\/div>\n\t\n\t<div id=\"gap-780848777\" class=\"gap-element clearfix\" style=\"display:block; height:auto;\">\n\t\t\n<style>\n#gap-780848777 {\n  padding-top: 31px;\n}\n<\/style>\n\t<\/div>\n\t\n\t\t<\/div>\n\t\t\t\t\t<\/div>\n\n\t\n<\/div>\n\t\t<\/div>\n\t\t\t\t\t<\/div>\n\n\t\n<\/div>\n\t\t<\/div>\n\t\t\t\t\t<\/div>\n\n\t\n<\/div>","protected":false},"excerpt":{"rendered":"","protected":false},"author":1,"featured_media":34,"parent":0,"menu_order":0,"comment_status":"closed","ping_status":"closed","template":"page-blank.php","meta":{"om_disable_all_campaigns":false,"footnotes":""},"class_list":["post-1340","page","type-page","status-publish","has-post-thumbnail","hentry"],"_links":{"self":[{"href":"https:\/\/temdoksan.com\/de\/wp-json\/wp\/v2\/pages\/1340","targetHints":{"allow":["GET"]}}],"collection":[{"href":"https:\/\/temdoksan.com\/de\/wp-json\/wp\/v2\/pages"}],"about":[{"href":"https:\/\/temdoksan.com\/de\/wp-json\/wp\/v2\/types\/page"}],"author":[{"embeddable":true,"href":"https:\/\/temdoksan.com\/de\/wp-json\/wp\/v2\/users\/1"}],"replies":[{"embeddable":true,"href":"https:\/\/temdoksan.com\/de\/wp-json\/wp\/v2\/comments?post=1340"}],"version-history":[{"count":3,"href":"https:\/\/temdoksan.com\/de\/wp-json\/wp\/v2\/pages\/1340\/revisions"}],"predecessor-version":[{"id":1385,"href":"https:\/\/temdoksan.com\/de\/wp-json\/wp\/v2\/pages\/1340\/revisions\/1385"}],"wp:featuredmedia":[{"embeddable":true,"href":"https:\/\/temdoksan.com\/de\/wp-json\/wp\/v2\/media\/34"}],"wp:attachment":[{"href":"https:\/\/temdoksan.com\/de\/wp-json\/wp\/v2\/media?parent=1340"}],"curies":[{"name":"wp","href":"https:\/\/api.w.org\/{rel}","templated":true}]}}