{"id":1343,"date":"2025-07-01T13:10:32","date_gmt":"2025-07-01T10:10:32","guid":{"rendered":"https:\/\/temdoksan.com\/?page_id=1343"},"modified":"2025-07-01T15:25:27","modified_gmt":"2025-07-01T12:25:27","slug":"isil-islem","status":"publish","type":"page","link":"https:\/\/temdoksan.com\/de\/isil-islem\/","title":{"rendered":"W\u00e4rmebehandlung"},"content":{"rendered":"<div class=\"banner has-hover has-parallax\" id=\"banner-392484801\">\n          <div class=\"banner-inner fill\">\n        <div class=\"banner-bg fill\" data-parallax=\"-1\" data-parallax-container=\".banner\" data-parallax-background>\n            <img loading=\"lazy\" decoding=\"async\" width=\"1600\" height=\"252\" src=\"https:\/\/temdoksan.com\/wp-content\/uploads\/2025\/07\/header-1.webp\" class=\"bg attachment-original size-original\" alt=\"\" \/>                        <div class=\"overlay\"><\/div>            \n                    <\/div>\n\t\t\n        <div class=\"banner-layers container\">\n            <div class=\"fill banner-link\"><\/div>            \n   <div id=\"text-box-597421462\" class=\"text-box banner-layer x0 md-x0 lg-x0 y50 md-y50 lg-y50 res-text\">\n                                <div class=\"text-box-content text dark\">\n              \n              <div class=\"text-inner text-center\">\n                  \n\t<div id=\"text-496186877\" class=\"text\">\n\t\t\n<h3 class=\"lead\"><span style=\"font-size: 110%;\">W\u00e4rmebehandlung<\/span><\/h3>\n\t\t\n<style>\n#text-496186877 {\n  font-size: 1rem;\n  text-align: left;\n}\n<\/style>\n\t<\/div>\n\t\n              <\/div>\n           <\/div>\n                            \n<style>\n#text-box-597421462 {\n  width: 60%;\n}\n#text-box-597421462 .text-box-content {\n  font-size: 100%;\n}\n<\/style>\n    <\/div>\n \n        <\/div>\n      <\/div>\n\n            \n<style>\n#banner-392484801 {\n  padding-top: 300px;\n}\n#banner-392484801 .overlay {\n  background-color: rgba(79, 166, 27, 0);\n}\n#banner-392484801 .banner-bg img {\n  object-position: 15% 42%;\n}\n<\/style>\n  <\/div>\n\n\n<div class=\"row\"  id=\"row-232045547\">\n\n\t<div id=\"col-1556888902\" class=\"col small-12 large-12\"  >\n\t\t\t\t<div class=\"col-inner\"  >\n\t\t\t\n\t\t\t\n<div class=\"row\"  id=\"row-910755718\">\n\n\t<div id=\"col-1358416386\" class=\"col medium-3 small-12 large-3\"  >\n\t\t\t\t<div class=\"col-inner\"  >\n\t\t\t\n\t\t\t\n<ul class=\"sidebar-wrapper ul-reset\"><aside id=\"nav_menu-3\" class=\"widget widget_nav_menu\"><span class=\"widget-title\"><span>H\u0130ZMETLER\u0130M\u0130Z<\/span><\/span><div class=\"is-divider small\"><\/div><div class=\"menu-anakategori-container\"><ul id=\"menu-anakategori\" class=\"menu\"><li id=\"menu-item-1351\" class=\"menu-item menu-item-type-post_type menu-item-object-page menu-item-1351\"><a href=\"https:\/\/temdoksan.com\/de\/kum-hazirlama\/\">Sandaufbereitung<\/a><\/li>\n<li id=\"menu-item-1352\" class=\"menu-item menu-item-type-post_type menu-item-object-page menu-item-1352\"><a href=\"https:\/\/temdoksan.com\/de\/kaliplama\/\">Bildung<\/a><\/li>\n<li id=\"menu-item-1353\" class=\"menu-item menu-item-type-post_type menu-item-object-page menu-item-1353\"><a href=\"https:\/\/temdoksan.com\/de\/ergitme\/\">Schmelzen<\/a><\/li>\n<li id=\"menu-item-1354\" class=\"menu-item menu-item-type-post_type menu-item-object-page menu-item-1354\"><a href=\"https:\/\/temdoksan.com\/de\/isil-islem\/\">W\u00e4rmebehandlung<\/a><\/li>\n<li id=\"menu-item-1355\" class=\"menu-item menu-item-type-post_type menu-item-object-page menu-item-1355\"><a href=\"https:\/\/temdoksan.com\/de\/kalite-kontrol\/\">Qualit\u00e4tskontrolle<\/a><\/li>\n<\/ul><\/div><\/aside><\/ul>\n<ul class=\"sidebar-wrapper ul-reset widgets-framed\"><\/ul>\n\t\t<\/div>\n\t\t\t\t\t<\/div>\n\n\t\n\n\t<div id=\"col-1266089681\" class=\"col medium-9 small-12 large-9\"  >\n\t\t\t\t<div class=\"col-inner\"  >\n\t\t\t\n\t\t\t\n<div class=\"row\"  id=\"row-1982289395\">\n\n\t<div id=\"col-827431314\" class=\"col medium-6 small-12 large-6\"  >\n\t\t\t\t<div class=\"col-inner\"  >\n\t\t\t\n\t\t\t\n\t<div class=\"img has-hover x md-x lg-x y md-y lg-y\" id=\"image_1899864324\">\n\t\t<a class=\"image-lightbox lightbox-gallery\" title=\"\" href=\"https:\/\/temdoksan.com\/wp-content\/uploads\/2025\/07\/ergitme.webp\">\t\t\t\t\t\t<div class=\"img-inner dark\" >\n\t\t\t<img loading=\"lazy\" decoding=\"async\" width=\"600\" height=\"337\" src=\"https:\/\/temdoksan.com\/wp-content\/uploads\/2025\/07\/ergitme.webp\" class=\"attachment-large size-large\" alt=\"\" \/>\t\t\t\t\t\t\n\t\t\t\t\t<\/div>\n\t\t\t\t\t\t<\/a>\t\t\n<style>\n#image_1899864324 {\n  width: 100%;\n}\n<\/style>\n\t<\/div>\n\t\n\t<div id=\"gap-1886001332\" class=\"gap-element clearfix\" style=\"display:block; height:auto;\">\n\t\t\n<style>\n#gap-1886001332 {\n  padding-top: 108px;\n}\n<\/style>\n\t<\/div>\n\t\n\t\t<\/div>\n\t\t\t\t\t<\/div>\n\n\t\n\n\t<div id=\"col-1788574559\" class=\"col medium-6 small-12 large-6\"  >\n\t\t\t\t<div class=\"col-inner\"  >\n\t\t\t\n\t\t\t\n<h2>W\u00e4rmebehandlung<\/h2>\n<p data-start=\"166\" data-end=\"439\" class=\" translation-block\"><strong data-start=\"166\" data-end=\"183\">Normalisieren<\/strong> ist ein W\u00e4rmebehandlungsverfahren, das angewendet wird, um dem Stahl eine <strong data-start=\"192\" data-end=\"203\">homogene<\/strong>, <strong data-start=\"205\" data-end=\"220\">feink\u00f6rnige<\/strong> und vorhersehbare <strong data-start=\"242\" data-end=\"255\">Mikrostruktur<\/strong> zu verleihen. Durch diesen Prozess werden die mechanischen Eigenschaften des Materials verbessert und innere Spannungen, die nach der Produktion entstehen k\u00f6nnen, auf ein Minimum reduziert.<\/p>\n<p data-start=\"441\" data-end=\"656\" class=\" translation-block\"><span style=\"color: #282828\">In der Regel wird das Verfahren nach dem <strong data-start=\"452\" data-end=\"464\">Schmieden<\/strong>, <strong data-start=\"517\" data-end=\"536\">Warmwalzen<\/strong> oder <strong data-start=\"542\" data-end=\"551\">Gie\u00dfen<\/strong> von <strong data-start=\"468\" data-end=\"495\">niedriglegierten<\/strong> und <strong data-start=\"452\" data-end=\"464\">kohlenstoffhaltigen St\u00e4hlen<\/strong> angewendet. Dadurch wird die Bearbeitbarkeit des Materials verbessert und die strukturelle Stabilit\u00e4t gew\u00e4hrleistet.<\/span><\/p>\n<p data-start=\"658\" data-end=\"892\" class=\" translation-block\"><span style=\"color: #282828\">Der nach dem Normalisieren erreichte <strong data-start=\"692\" data-end=\"710\">H\u00e4rtewert<\/strong> variiert in Abh\u00e4ngigkeit von der Wandst\u00e4rke des Stahls und der angewendeten <strong data-start=\"751\" data-end=\"769\">Abk\u00fchlgeschwindigkeit<\/strong>. Typischerweise liegt dieser Wert im Bereich von <strong data-start=\"830\" data-end=\"865\">100\u2013250 HB (Brinell-H\u00e4rte)<\/strong>.<\/span><\/p>\n\t<div id=\"gap-790845703\" class=\"gap-element clearfix\" style=\"display:block; height:auto;\">\n\t\t\n<style>\n#gap-790845703 {\n  padding-top: 86px;\n}\n<\/style>\n\t<\/div>\n\t\n\t<div id=\"gap-1719678418\" class=\"gap-element clearfix\" style=\"display:block; height:auto;\">\n\t\t\n<style>\n#gap-1719678418 {\n  padding-top: 31px;\n}\n<\/style>\n\t<\/div>\n\t\n\t\t<\/div>\n\t\t\t\t\t<\/div>\n\n\t\n<\/div>\n\t\t<\/div>\n\t\t\t\t\t<\/div>\n\n\t\n<\/div>\n\t\t<\/div>\n\t\t\t\t\t<\/div>\n\n\t\n<\/div>","protected":false},"excerpt":{"rendered":"","protected":false},"author":1,"featured_media":34,"parent":0,"menu_order":0,"comment_status":"closed","ping_status":"closed","template":"page-blank.php","meta":{"om_disable_all_campaigns":false,"footnotes":""},"class_list":["post-1343","page","type-page","status-publish","has-post-thumbnail","hentry"],"_links":{"self":[{"href":"https:\/\/temdoksan.com\/de\/wp-json\/wp\/v2\/pages\/1343","targetHints":{"allow":["GET"]}}],"collection":[{"href":"https:\/\/temdoksan.com\/de\/wp-json\/wp\/v2\/pages"}],"about":[{"href":"https:\/\/temdoksan.com\/de\/wp-json\/wp\/v2\/types\/page"}],"author":[{"embeddable":true,"href":"https:\/\/temdoksan.com\/de\/wp-json\/wp\/v2\/users\/1"}],"replies":[{"embeddable":true,"href":"https:\/\/temdoksan.com\/de\/wp-json\/wp\/v2\/comments?post=1343"}],"version-history":[{"count":3,"href":"https:\/\/temdoksan.com\/de\/wp-json\/wp\/v2\/pages\/1343\/revisions"}],"predecessor-version":[{"id":1386,"href":"https:\/\/temdoksan.com\/de\/wp-json\/wp\/v2\/pages\/1343\/revisions\/1386"}],"wp:featuredmedia":[{"embeddable":true,"href":"https:\/\/temdoksan.com\/de\/wp-json\/wp\/v2\/media\/34"}],"wp:attachment":[{"href":"https:\/\/temdoksan.com\/de\/wp-json\/wp\/v2\/media?parent=1343"}],"curies":[{"name":"wp","href":"https:\/\/api.w.org\/{rel}","templated":true}]}}