{"id":1400,"date":"2025-07-06T14:36:13","date_gmt":"2025-07-06T11:36:13","guid":{"rendered":"https:\/\/temdoksan.com\/?page_id=1400"},"modified":"2025-08-14T11:48:52","modified_gmt":"2025-08-14T08:48:52","slug":"tanitim-filmi","status":"publish","type":"page","link":"https:\/\/temdoksan.com\/de\/tanitim-filmi\/","title":{"rendered":"Werbefilm"},"content":{"rendered":"<div class=\"banner has-hover has-parallax\" id=\"banner-2085038844\">\n          <div class=\"banner-inner fill\">\n        <div class=\"banner-bg fill\" data-parallax=\"-3\" data-parallax-container=\".banner\" data-parallax-background>\n            <img loading=\"lazy\" decoding=\"async\" width=\"1600\" height=\"252\" src=\"https:\/\/temdoksan.com\/wp-content\/uploads\/2025\/07\/header.webp\" class=\"bg attachment-original size-original\" alt=\"\" \/>                        <div class=\"overlay\"><\/div>            \n                    <\/div>\n\t\t\n        <div class=\"banner-layers container\">\n            <div class=\"fill banner-link\"><\/div>            \n   <div id=\"text-box-1543258452\" class=\"text-box banner-layer x0 md-x0 lg-x0 y50 md-y50 lg-y50 res-text\">\n                                <div class=\"text-box-content text dark\">\n              \n              <div class=\"text-inner text-center\">\n                  \n\t<div id=\"text-1767058831\" class=\"text\">\n\t\t\n<h3 class=\"lead\"><span style=\"font-size: 110%;\">\u00dcber uns<\/span><\/h3>\n<p class=\"lead\"><span style=\"font-size: 80%;\">Temd\u00f6ksan steht f\u00fcr Qualit\u00e4t im Guss und Vertrauen in die Technik. Erfahrung in jedem Teil, Pr\u00e4zision in jeder Produktion.<\/span><\/p>\n\t\t\n<style>\n#text-1767058831 {\n  font-size: 1rem;\n  text-align: left;\n}\n<\/style>\n\t<\/div>\n\t\n              <\/div>\n           <\/div>\n                            \n<style>\n#text-box-1543258452 {\n  width: 41%;\n}\n#text-box-1543258452 .text-box-content {\n  font-size: 100%;\n}\n<\/style>\n    <\/div>\n \n        <\/div>\n      <\/div>\n\n            \n<style>\n#banner-2085038844 {\n  padding-top: 300px;\n}\n#banner-2085038844 .overlay {\n  background-color: rgba(79, 166, 27, 0);\n}\n#banner-2085038844 .banner-bg img {\n  object-position: 21% 63%;\n}\n<\/style>\n  <\/div>\n\n\n<div class=\"row\"  id=\"row-632007871\">\n\n\t<div id=\"col-1467808615\" class=\"col small-12 large-12\"  >\n\t\t\t\t<div class=\"col-inner\"  >\n\t\t\t\n\t\t\t\n<div class=\"row\"  id=\"row-390446886\">\n\n\t<div id=\"col-1553729639\" class=\"col small-12 large-12\"  >\n\t\t\t\t<div class=\"col-inner\"  >\n\t\t\t\n\t\t\t\n<div class=\"row\"  id=\"row-1602328566\">\n\n\t<div id=\"col-1688440672\" class=\"col medium-3 small-12 large-3\"  >\n\t\t\t\t<div class=\"col-inner\"  >\n\t\t\t\n\t\t\t\n<div class=\"container section-title-container\" ><h3 class=\"section-title section-title-normal\"><b><\/b><span class=\"section-title-main\" >WERBEFILM<\/span><b><\/b><\/h3><\/div>\n\t<div class=\"img has-hover x md-x lg-x y md-y lg-y\" id=\"image_912051751\">\n\t\t\t\t\t\t\t\t<div class=\"img-inner dark\" >\n\t\t\t<img loading=\"lazy\" decoding=\"async\" width=\"1020\" height=\"611\" src=\"https:\/\/temdoksan.com\/wp-content\/uploads\/2025\/07\/bayrak2.webp\" class=\"attachment-large size-large\" alt=\"\" srcset=\"https:\/\/temdoksan.com\/wp-content\/uploads\/2025\/07\/bayrak2.webp 1080w, https:\/\/temdoksan.com\/wp-content\/uploads\/2025\/07\/bayrak2-668x400.webp 668w, https:\/\/temdoksan.com\/wp-content\/uploads\/2025\/07\/bayrak2-768x460.webp 768w, https:\/\/temdoksan.com\/wp-content\/uploads\/2025\/07\/bayrak2-600x359.webp 600w\" sizes=\"auto, (max-width: 1020px) 100vw, 1020px\" \/>\t\t\t\t\t\t\n\t\t\t\t\t<\/div>\n\t\t\t\t\t\t\t\t\n<style>\n#image_912051751 {\n  width: 100%;\n}\n<\/style>\n\t<\/div>\n\t\n\t\t<\/div>\n\t\t\t\t\t<\/div>\n\n\t\n\n\t<div id=\"col-1745221463\" class=\"col medium-9 small-12 large-9\"  >\n\t\t\t\t<div class=\"col-inner\"  >\n\t\t\t\n\t\t\t\n<div class=\"video video-fit mb\" style=\"padding-top:56.25%;\"><p><iframe loading=\"lazy\" title=\"TEMD\u00d6KSAN METALURJ\u0130 MAK\u0130NE SAN T\u0130C LTD \u015eT\u0130 - TANITIM F\u0130LM\u0130\" width=\"1020\" height=\"574\" src=\"https:\/\/www.youtube.com\/embed\/MRWmt6DqK5M?feature=oembed\" frameborder=\"0\" allow=\"accelerometer; autoplay; clipboard-write; encrypted-media; gyroscope; picture-in-picture; web-share\" referrerpolicy=\"strict-origin-when-cross-origin\" allowfullscreen><\/iframe><\/p>\n<\/div>\n\t\t<\/div>\n\t\t\t\t\t<\/div>\n\n\t\n<\/div>\n\t\t<\/div>\n\t\t\t\t\t<\/div>\n\n\t\n<\/div>\n\t\t<\/div>\n\t\t\t\t\t<\/div>\n\n\t\n<\/div>","protected":false},"excerpt":{"rendered":"","protected":false},"author":1,"featured_media":34,"parent":0,"menu_order":0,"comment_status":"closed","ping_status":"closed","template":"page-blank.php","meta":{"om_disable_all_campaigns":false,"footnotes":""},"class_list":["post-1400","page","type-page","status-publish","has-post-thumbnail","hentry"],"_links":{"self":[{"href":"https:\/\/temdoksan.com\/de\/wp-json\/wp\/v2\/pages\/1400","targetHints":{"allow":["GET"]}}],"collection":[{"href":"https:\/\/temdoksan.com\/de\/wp-json\/wp\/v2\/pages"}],"about":[{"href":"https:\/\/temdoksan.com\/de\/wp-json\/wp\/v2\/types\/page"}],"author":[{"embeddable":true,"href":"https:\/\/temdoksan.com\/de\/wp-json\/wp\/v2\/users\/1"}],"replies":[{"embeddable":true,"href":"https:\/\/temdoksan.com\/de\/wp-json\/wp\/v2\/comments?post=1400"}],"version-history":[{"count":16,"href":"https:\/\/temdoksan.com\/de\/wp-json\/wp\/v2\/pages\/1400\/revisions"}],"predecessor-version":[{"id":1496,"href":"https:\/\/temdoksan.com\/de\/wp-json\/wp\/v2\/pages\/1400\/revisions\/1496"}],"wp:featuredmedia":[{"embeddable":true,"href":"https:\/\/temdoksan.com\/de\/wp-json\/wp\/v2\/media\/34"}],"wp:attachment":[{"href":"https:\/\/temdoksan.com\/de\/wp-json\/wp\/v2\/media?parent=1400"}],"curies":[{"name":"wp","href":"https:\/\/api.w.org\/{rel}","templated":true}]}}