{"id":72,"date":"2016-02-18T15:10:52","date_gmt":"2016-02-18T15:10:52","guid":{"rendered":"http:\/\/flatsome.dev\/?page_id=4041"},"modified":"2025-07-06T15:20:43","modified_gmt":"2025-07-06T12:20:43","slug":"simple-corporate","status":"publish","type":"page","link":"https:\/\/temdoksan.com\/de\/","title":{"rendered":"Corporate"},"content":{"rendered":"<div class=\"slider-wrapper relative\" id=\"slider-1903450521\" style=\"background-color:rgb(255,255,255);\">\n    <div class=\"slider slider-nav-circle slider-nav-large slider-nav-light slider-style-normal\"\n        data-flickity-options='{            \"cellAlign\": \"center\",            \"imagesLoaded\": true,            \"lazyLoad\": 1,            \"freeScroll\": false,            \"wrapAround\": true,            \"autoPlay\": 6000,            \"pauseAutoPlayOnHover\" : true,            \"prevNextButtons\": true,            \"contain\" : true,            \"adaptiveHeight\" : true,            \"dragThreshold\" : 10,            \"percentPosition\": true,            \"pageDots\": true,            \"rightToLeft\": false,            \"draggable\": true,            \"selectedAttraction\": 0.1,            \"parallax\" : 0,            \"friction\": 0.6        }'\n        >\n        \n\n  <div class=\"banner has-hover\" id=\"banner-1785368139\">\n          <div class=\"banner-inner fill\">\n        <div class=\"banner-bg fill\" >\n            <img loading=\"lazy\" decoding=\"async\" width=\"1941\" height=\"800\" src=\"https:\/\/temdoksan.com\/wp-content\/uploads\/2025\/07\/slider3.jpg\" class=\"bg attachment-original size-original\" alt=\"\" \/>                        <div class=\"overlay\"><\/div>            \n                    <\/div>\n\t\t\n        <div class=\"banner-layers container\">\n            <div class=\"fill banner-link\"><\/div>            \n   <div id=\"text-box-150599500\" class=\"text-box banner-layer x0 md-x0 lg-x0 y95 md-y50 lg-y50 res-text\">\n                                <div class=\"text-box-content text box-shadow-1\">\n              \n              <div class=\"text-inner text-left\">\n                  \n\t<div id=\"text-1364677741\" class=\"text\">\n\t\t\n<p><span style=\"font-size: 250%; color: #ffffff;\"><strong>WIR GESTALTEN MACHT<\/strong><\/span><\/p>\n<h3 class=\"\"><span style=\"color: #ffffff; font-size: 60%;\">Mit unserer Expertise in der Herstellung von hochwertigem Gusseisen, Sph\u00e4roguss und Stahlguss bringen wir Leben in das Herz der Industrie. Die Schnittstelle zwischen Langlebigkeit und Technik: TEMD\u00d6KSAN.<\/span><\/h3>\n\t\t\n<style>\n#text-1364677741 {\n  font-size: 1.25rem;\n  line-height: 1.25;\n}\n<\/style>\n\t<\/div>\n\t\n<a href=\"https:\/\/temdoksan.com\/de\/elements\/pages\/urunler\/\" class=\"button white is-link is-small\"  >\n\t\t<span>WEITERE INFORMATIONEN<\/span>\n\t<i class=\"icon-angle-right\" aria-hidden=\"true\" ><\/i><\/a>\n\n              <\/div>\n           <\/div>\n                            \n<style>\n#text-box-150599500 .text-box-content {\n  background-color: rgba(255, 255, 255, 0);\n  font-size: 100%;\n}\n#text-box-150599500 .text-inner {\n  padding: 30px 30px 30px 30px;\n}\n#text-box-150599500 {\n  width: 90%;\n}\n@media (min-width:550px) {\n  #text-box-150599500 {\n    width: 71%;\n  }\n}\n<\/style>\n    <\/div>\n \n        <\/div>\n      <\/div>\n\n            \n<style>\n#banner-1785368139 {\n  padding-top: 582px;\n  background-color: rgba(255, 255, 255, 0.919);\n}\n#banner-1785368139 .overlay {\n  background-color: rgba(255, 255, 255, 0);\n}\n#banner-1785368139 .banner-bg img {\n  object-position: 35% 60%;\n}\n<\/style>\n  <\/div>\n\n\n\n  <div class=\"banner has-hover\" id=\"banner-491346452\">\n          <div class=\"banner-inner fill\">\n        <div class=\"banner-bg fill\" >\n            <img loading=\"lazy\" decoding=\"async\" width=\"1941\" height=\"800\" src=\"https:\/\/temdoksan.com\/wp-content\/uploads\/2025\/07\/slider2-1.jpg\" class=\"bg attachment-original size-original\" alt=\"\" \/>                        <div class=\"overlay\"><\/div>            \n                    <\/div>\n\t\t\n        <div class=\"banner-layers container\">\n            <div class=\"fill banner-link\"><\/div>            \n   <div id=\"text-box-2131965860\" class=\"text-box banner-layer x0 md-x0 lg-x0 y95 md-y50 lg-y50 res-text\">\n                                <div class=\"text-box-content text box-shadow-1\">\n              \n              <div class=\"text-inner text-left\">\n                  \n\t<div id=\"text-1032611756\" class=\"text\">\n\t\t\n<p><span style=\"font-size: 250%; color: #ffffff;\"><strong>Vertrauen in jedem Teil, Perfektion in jedem Guss<\/strong><\/span><\/p>\n<h3 class=\"\"><span style=\"color: #ffffff; font-size: 60%;\">Wir bieten ma\u00dfgeschneiderte L\u00f6sungen f\u00fcr jede Branche, von der Automobilindustrie bis zum Maschinenbau. Wir produzieren nicht nur Qualit\u00e4t, wir standardisieren sie.<\/span><\/h3>\n\t\t\n<style>\n#text-1032611756 {\n  font-size: 1.25rem;\n  line-height: 1.25;\n}\n<\/style>\n\t<\/div>\n\t\n<a href=\"https:\/\/temdoksan.com\/de\/elements\/pages\/urunler\/\" class=\"button white is-link is-small\"  >\n\t\t<span>WEITERE INFORMATIONEN<\/span>\n\t<i class=\"icon-angle-right\" aria-hidden=\"true\" ><\/i><\/a>\n\n              <\/div>\n           <\/div>\n                            \n<style>\n#text-box-2131965860 .text-box-content {\n  background-color: rgba(255, 255, 255, 0);\n  font-size: 100%;\n}\n#text-box-2131965860 .text-inner {\n  padding: 30px 30px 30px 30px;\n}\n#text-box-2131965860 {\n  width: 90%;\n}\n@media (min-width:550px) {\n  #text-box-2131965860 {\n    width: 62%;\n  }\n}\n<\/style>\n    <\/div>\n \n        <\/div>\n      <\/div>\n\n            \n<style>\n#banner-491346452 {\n  padding-top: 582px;\n  background-color: rgba(255, 255, 255, 0.919);\n}\n#banner-491346452 .overlay {\n  background-color: rgba(255, 255, 255, 0);\n}\n#banner-491346452 .banner-bg img {\n  object-position: 35% 60%;\n}\n<\/style>\n  <\/div>\n\n\n     <\/div>\n\n     <div class=\"loading-spin dark large centered\"><\/div>\n\n\t<\/div>\n\n\n\n\t<section class=\"section\" id=\"section_207834169\">\n\t\t<div class=\"section-bg fill\" >\n\t\t\t\t\t\t\t\t\t\n\t\t\t\n\n\t\t<\/div>\n\n\t\t\n\n\t\t<div class=\"section-content relative\">\n\t\t\t\n<div class=\"row row-large align-center row-divided\"  id=\"row-253831645\">\n\n\t<div id=\"col-1524185109\" class=\"col medium-6 large-6\"  >\n\t\t\t\t<div class=\"col-inner\"  >\n\t\t\t\n\t\t\t\n\t<div class=\"img has-hover x md-x lg-x y md-y lg-y\" id=\"image_359035133\">\n\t\t<a class=\"\" href=\"https:\/\/temdoksan.com\/de\/tanitim-filmi\/\" >\t\t\t\t\t\t<div class=\"img-inner dark\" >\n\t\t\t<img loading=\"lazy\" decoding=\"async\" width=\"1020\" height=\"611\" src=\"https:\/\/temdoksan.com\/wp-content\/uploads\/2025\/07\/bayrak2.webp\" class=\"attachment-large size-large\" alt=\"\" srcset=\"https:\/\/temdoksan.com\/wp-content\/uploads\/2025\/07\/bayrak2.webp 1080w, https:\/\/temdoksan.com\/wp-content\/uploads\/2025\/07\/bayrak2-668x400.webp 668w, https:\/\/temdoksan.com\/wp-content\/uploads\/2025\/07\/bayrak2-768x460.webp 768w, https:\/\/temdoksan.com\/wp-content\/uploads\/2025\/07\/bayrak2-600x359.webp 600w\" sizes=\"auto, (max-width: 1020px) 100vw, 1020px\" \/>\t\t\t\t\t\t\n\t\t\t\t\t<\/div>\n\t\t\t\t\t\t<\/a>\t\t\n<style>\n#image_359035133 {\n  width: 100%;\n}\n<\/style>\n\t<\/div>\n\t\n<div class=\"container section-title-container\" ><h3 class=\"section-title section-title-bold\"><b><\/b><span class=\"section-title-main\" style=\"color:rgb(175, 0, 0);\"><i class=\"icon-youtube\" ><\/i>Werbefilm<\/span><b><\/b><a href=\"https:\/\/temdoksan.com\/de\/tanitim-filmi\/\" target>Siehe<i class=\"icon-angle-right\" ><\/i><\/a><\/h3><\/div>\n\t\t<\/div>\n\t\t\t\t\t<\/div>\n\n\t\n\n\t<div id=\"col-723012900\" class=\"col medium-6 large-6\"  >\n\t\t\t\t<div class=\"col-inner\"  >\n\t\t\t\n\t\t\t\n<h2>\u00dcber uns<\/h2>\n<p data-start=\"127\" data-end=\"394\" class=\" translation-block\"><strong>TEMD\u00d6KSAN<\/strong> ist ein Maschinenbauunternehmen, das mit jahrelanger Erfahrung in der Herstellung von Gusseisen, Sph\u00e4roguss und Stahlguss den kritischsten Teilen der Schwerindustrie Leben einhaucht. <br>Seit dem Tag unserer Gr\u00fcndung gie\u00dfen wir nicht nur Metall, sondern auch <strong data-start=\"\u201a352\u2018\">Vertrauen, Qualit\u00e4t und Kontinuit\u00e4t<\/strong>.<\/p>\n<p data-start=\"396\" data-end=\"699\">Mit unserer modernen Produktionsst\u00e4tte, Hightech-Infrastruktur und erfahrenen Mitarbeitern bieten wir Speziall\u00f6sungen f\u00fcr eine Vielzahl von Branchen, von der Automobil- bis zur Verteidigungsindustrie, von Landmaschinen bis zum allgemeinen Maschinenbau. Unsere Formen sind nicht einfach nur Formen, sondern Jahre der Erfahrung und Perfektion.<\/p>\n<p data-start=\"701\" data-end=\"887\" class=\" translation-block\">Unser Produktionsportfolio umfasst au\u00dferdem: <strong>Sonderlegierungskomponenten,<\/strong> <strong>hochchromhaltige Bauteile,<\/strong> <strong>hohmangangehaltige Bauteile<\/strong> und <strong>Ni-Hard-Werkstoffe<\/strong>.<\/p>\n<p data-start=\"889\" data-end=\"1055\" class=\" translation-block\">Au\u00dferdem umfasst unser Produktionsportfolio: <strong>Bauteile aus Sonderlegierungen,<\/strong> <strong>hochchromhaltige Komponenten,<\/strong> <strong>hohmangangehaltige Komponenten<\/strong> und <strong>Ni-Hard-Werkstoffe<\/strong>.<\/p>\n<a href=\"https:\/\/temdoksan.com\/de\/hakkimizda-4\/\" class=\"button white is-outline is-small lowercase\"  >\n\t\t<span>Einzelheiten<\/span>\n\t<\/a>\n\n\t\t<\/div>\n\t\t\t\t\t<\/div>\n\n\t\n<\/div>\n\t\t<\/div>\n\n\t\t\n<style>\n#section_207834169 {\n  padding-top: 30px;\n  padding-bottom: 30px;\n  background-color: rgb(255, 255, 255);\n}\n<\/style>\n\t<\/section>\n\t\n\n\t<section class=\"section\" id=\"section_1080723957\">\n\t\t<div class=\"section-bg fill\" >\n\t\t\t\t\t\t\t\t\t\n\t\t\t\n\n\t\t<\/div>\n\n\t\t\n\n\t\t<div class=\"section-content relative\">\n\t\t\t\n<div class=\"row row-large align-center row-divided\"  id=\"row-1585964982\">\n\n\t<div id=\"col-1260555208\" class=\"col medium-4 large-4\"  >\n\t\t\t\t<div class=\"col-inner\"  >\n\t\t\t\n\t\t\t\n\t<div class=\"img has-hover x md-x lg-x y md-y lg-y\" id=\"image_1684424041\">\n\t\t<a class=\"\" href=\"https:\/\/temdoksan.com\/de\/kum-hazirlama\/\" >\t\t\t\t\t\t<div class=\"img-inner image-zoom image-cover dark\" style=\"padding-top:56.25%;\">\n\t\t\t<img loading=\"lazy\" decoding=\"async\" width=\"600\" height=\"337\" src=\"https:\/\/temdoksan.com\/wp-content\/uploads\/2025\/07\/kumhazirlama-1.webp\" class=\"attachment-large size-large\" alt=\"\" \/>\t\t\t\t\t\t\n\t\t\t\t\t<\/div>\n\t\t\t\t\t\t<\/a>\t\t\n<style>\n#image_1684424041 {\n  width: 100%;\n}\n<\/style>\n\t<\/div>\n\t\n<h2><b>Sandaufbereitung<\/b><\/h2>\n<p>Presle \u015fekillendirilen d\u00f6k\u00fcm dereceleri, hat \u00fczerinden itme mekanizmas\u0131yla d\u00f6k\u00fcm alan\u0131na aktar\u0131l\u0131r ve d\u00f6k\u00fcm i\u00e7in haz\u0131r hale getirilir. Ergitilerek potalara al\u0131nan s\u0131v\u0131 metal, bu derecelerin i\u00e7ine dikkatle d\u00f6k\u00fcl\u00fcr. D\u00f6k\u00fcm i\u015fleminden sonra kal\u0131plar bir s\u00fcre so\u011fumaya b\u0131rak\u0131l\u0131r.<\/p>\n<a href=\"https:\/\/temdoksan.com\/de\/kum-hazirlama\/\" class=\"button primary is-outline is-small lowercase\"  >\n\t\t<span>Einzelheiten<\/span>\n\t<\/a>\n\n\t\t<\/div>\n\t\t\t\t\t<\/div>\n\n\t\n\n\t<div id=\"col-15047384\" class=\"col medium-4 large-4\"  >\n\t\t\t\t<div class=\"col-inner\"  >\n\t\t\t\n\t\t\t\n\t<div class=\"img has-hover x md-x lg-x y md-y lg-y\" id=\"image_1883850577\">\n\t\t<a class=\"\" href=\"https:\/\/temdoksan.com\/de\/kaliplama\/\" >\t\t\t\t\t\t<div class=\"img-inner image-zoom image-cover dark\" style=\"padding-top:56.25%;\">\n\t\t\t<img loading=\"lazy\" decoding=\"async\" width=\"600\" height=\"337\" src=\"https:\/\/temdoksan.com\/wp-content\/uploads\/2025\/07\/kaliplama.webp\" class=\"attachment-large size-large\" alt=\"\" \/>\t\t\t\t\t\t\n\t\t\t\t\t<\/div>\n\t\t\t\t\t\t<\/a>\t\t\n<style>\n#image_1883850577 {\n  width: 100%;\n}\n<\/style>\n\t<\/div>\n\t\n<h2><b>Bildung<\/b><\/h2>\n<p>Der zuvor auf den gew\u00fcnschten Feuchtigkeitsgehalt eingestellte Formsand wird \u00fcber das Automatisierungssystem in die \u00fcber der Pressmaschine befindlichen Sandbeh\u00e4lter transportiert. Die f\u00fcr das Formen ben\u00f6tigte Sandmenge wird ebenfalls automatisiert, pr\u00e4zise und getrennt in die Ober- und Unterk\u00e4sten eingef\u00fcllt.<\/p>\n<a href=\"https:\/\/temdoksan.com\/de\/kaliplama\/\" class=\"button primary is-outline is-small lowercase\"  >\n\t\t<span>Einzelheiten<\/span>\n\t<\/a>\n\n\t\t<\/div>\n\t\t\t\t\t<\/div>\n\n\t\n\n\t<div id=\"col-499277305\" class=\"col medium-4 large-4\"  >\n\t\t\t\t<div class=\"col-inner\"  >\n\t\t\t\n\t\t\t\n\t<div class=\"img has-hover x md-x lg-x y md-y lg-y\" id=\"image_734650387\">\n\t\t<a class=\"\" href=\"https:\/\/temdoksan.com\/de\/ergitme\/\" >\t\t\t\t\t\t<div class=\"img-inner image-zoom image-cover dark\" style=\"padding-top:56.25%;\">\n\t\t\t<img loading=\"lazy\" decoding=\"async\" width=\"600\" height=\"337\" src=\"https:\/\/temdoksan.com\/wp-content\/uploads\/2025\/07\/ergitme.webp\" class=\"attachment-large size-large\" alt=\"\" \/>\t\t\t\t\t\t\t<div class=\"overlay\" style=\"background-color: rgba(0, 0, 0, 0)\"><\/div>\n\t\t\t\t\t\t\n\t\t\t\t\t<\/div>\n\t\t\t\t\t\t<\/a>\t\t\n<style>\n#image_734650387 {\n  width: 100%;\n}\n<\/style>\n\t<\/div>\n\t\n<h2><b>Schmelzen<\/b><\/h2>\n<p>Der Schmelzprozess beginnt mit dem Aufheizen der \u00d6fen mit elektrischer Energie f\u00fcr eine bestimmte Zeit. Die f\u00fcr den Guss zu verwendenden Rohstoffe werden dann abgewogen und in den Ofen gegeben. Je nach Materialart werden Legierungselemente wie Kohlenstoff, Siliziumdioxid, Mangan und Chrom hinzugef\u00fcgt.<\/p>\n<a href=\"https:\/\/temdoksan.com\/de\/ergitme\/\" class=\"button primary is-outline is-small lowercase\"  >\n\t\t<span>Einzelheiten<\/span>\n\t<\/a>\n\n\t\t<\/div>\n\t\t\t\t\t<\/div>\n\n\t\n<\/div>\n\t\t<\/div>\n\n\t\t\n<style>\n#section_1080723957 {\n  padding-top: 30px;\n  padding-bottom: 30px;\n  background-color: rgb(255, 255, 255);\n}\n<\/style>\n\t<\/section>\n\t\n\n\t<section class=\"section\" id=\"section_796564773\">\n\t\t<div class=\"section-bg fill\" >\n\t\t\t\t\t\t\t\t\t\n\t\t\t\n\n\t\t<\/div>\n\n\t\t\n\n\t\t<div class=\"section-content relative\">\n\t\t\t\n<div class=\"row row-large align-center row-divided\"  id=\"row-2028751913\">\n\n\t<div id=\"col-892633606\" class=\"col medium-4 large-4\"  >\n\t\t\t\t<div class=\"col-inner\"  >\n\t\t\t\n\t\t\t\n\t<div class=\"img has-hover x md-x lg-x y md-y lg-y\" id=\"image_2115306109\">\n\t\t<a class=\"\" href=\"https:\/\/temdoksan.com\/de\/isil-islem\/\" >\t\t\t\t\t\t<div class=\"img-inner image-zoom image-cover dark\" style=\"padding-top:56.25%;\">\n\t\t\t<img loading=\"lazy\" decoding=\"async\" width=\"600\" height=\"337\" src=\"https:\/\/temdoksan.com\/wp-content\/uploads\/2025\/07\/isilislem.webp\" class=\"attachment-large size-large\" alt=\"\" \/>\t\t\t\t\t\t\t<div class=\"overlay\" style=\"background-color: rgba(0, 0, 0, 0)\"><\/div>\n\t\t\t\t\t\t\n\t\t\t\t\t<\/div>\n\t\t\t\t\t\t<\/a>\t\t\n<style>\n#image_2115306109 {\n  width: 100%;\n}\n<\/style>\n\t<\/div>\n\t\n<h2><b>W\u00e4rmebehandlung<\/b><\/h2>\n<p class=\" translation-block\"><strong data-start=\"166\" data-end=\"183\">Normalisieren<\/strong> ist ein W\u00e4rmebehandlungsverfahren, das angewendet wird, um dem Stahl eine <strong data-start=\"192\" data-end=\"203\">homogene<\/strong>, <strong data-start=\"205\" data-end=\"220\">feink\u00f6rnige<\/strong> und vorhersehbare <strong data-start=\"242\" data-end=\"255\">Mikrostruktur<\/strong> zu verleihen. Durch diesen Prozess werden die mechanischen Eigenschaften des Materials verbessert und innere Spannungen, die nach der Produktion entstehen k\u00f6nnen, auf ein Minimum reduziert.<\/p>\n<a href=\"https:\/\/temdoksan.com\/de\/isil-islem\/\" class=\"button primary is-outline is-small lowercase\"  >\n\t\t<span>Einzelheiten<\/span>\n\t<\/a>\n\n\t\t<\/div>\n\t\t\t\t\t<\/div>\n\n\t\n\n\t<div id=\"col-612686093\" class=\"col medium-4 large-4\"  >\n\t\t\t\t<div class=\"col-inner\"  >\n\t\t\t\n\t\t\t\n\t<div class=\"img has-hover x md-x lg-x y md-y lg-y\" id=\"image_664609161\">\n\t\t<a class=\"\" href=\"https:\/\/temdoksan.com\/de\/kalite-kontrol\/\" >\t\t\t\t\t\t<div class=\"img-inner image-zoom image-cover dark\" style=\"padding-top:56.25%;\">\n\t\t\t<img loading=\"lazy\" decoding=\"async\" width=\"600\" height=\"337\" src=\"https:\/\/temdoksan.com\/wp-content\/uploads\/2025\/07\/kalitekontrol.webp\" class=\"attachment-large size-large\" alt=\"\" \/>\t\t\t\t\t\t\n\t\t\t\t\t<\/div>\n\t\t\t\t\t\t<\/a>\t\t\n<style>\n#image_664609161 {\n  width: 100%;\n}\n<\/style>\n\t<\/div>\n\t\n<h2><b>Qualit\u00e4tskontrolle<\/b><\/h2>\n<p class=\" translation-block\">Bei TEMD\u00d6KSAN steht die <strong data-start=\"179\" data-end=\"202\">Kundenzufriedenheit<\/strong> im Mittelpunkt unserer Qualit\u00e4tspolitik. Wir haben es uns zur Aufgabe gemacht, Produkte mit hohen Standards gem\u00e4\u00df den Anforderungen unserer Kunden zu fertigen und diese <strong data-start=\"298\" data-end=\"311\">termingerecht<\/strong> zu liefern.<\/p>\n<a href=\"https:\/\/temdoksan.com\/de\/kalite-kontrol\/\" class=\"button primary is-outline is-small lowercase\"  >\n\t\t<span>Einzelheiten<\/span>\n\t<\/a>\n\n\t\t<\/div>\n\t\t\t\t\t<\/div>\n\n\t\n\n\t<div id=\"col-705104692\" class=\"col medium-4 large-4\"  >\n\t\t\t\t<div class=\"col-inner\"  >\n\t\t\t\n\t\t\t\n\t\t<\/div>\n\t\t\t\t\t<\/div>\n\n\t\n<\/div>\n<div class=\"row\"  id=\"row-436489888\">\n\n\t<div id=\"col-5845016\" class=\"col small-12 large-12\"  >\n\t\t\t\t<div class=\"col-inner text-center\"  >\n\t\t\t\n\t\t\t\n<a href=\"https:\/\/temdoksan.com\/de\/elements\/pages\/urunler\/\" class=\"button primary is-outline\"  style=\"border-radius:99px;\">\n\t\t<span>PRODUKTION<\/span>\n\t<\/a>\n\n\t\t<\/div>\n\t\t\t\t\t<\/div>\n\n\t\n<\/div>\n\t\t<\/div>\n\n\t\t\n<style>\n#section_796564773 {\n  padding-top: 30px;\n  padding-bottom: 30px;\n  background-color: rgb(255, 255, 255);\n}\n<\/style>\n\t<\/section>\n\t\n\n\t<section class=\"section\" id=\"section_1751641330\">\n\t\t<div class=\"section-bg fill\" >\n\t\t\t\t\t\t\t\t\t\n\t\t\t\n\t<div class=\"is-border\"\n\t\tstyle=\"border-width:1px 0px 1px 0px;\">\n\t<\/div>\n\n\t\t<\/div>\n\n\t\t\n\n\t\t<div class=\"section-content relative\">\n\t\t\t\n<div class=\"row align-equal\"  id=\"row-998236963\">\n\n\t<div id=\"col-913870479\" class=\"col medium-3 small-12 large-3\"  >\n\t\t\t\t<div class=\"col-inner\"  >\n\t\t\t\n\t\t\t\n<h2 class=\"uppercase\">NEUIGKEITEN VON UNS<\/h2>\n<p>F\u00fcr alle Detailinformationen.<\/p>\n<a class=\"button primary\"  >\n\t\t<span>Ayr\u0131nt\u0131lar<\/span>\n\t<\/a>\n\n\t\t<\/div>\n\t\t\t\t\t<\/div>\n\n\t\n\n\t<div id=\"col-1303816840\" class=\"col medium-9 small-12 large-9\"  >\n\t\t\t\t<div class=\"col-inner\"  >\n\t\t\t\n\t\t\t\n\n  \n    <div class=\"row large-columns-2 medium-columns- small-columns-1 has-shadow row-box-shadow-1 slider row-slider slider-nav-circle\"  data-flickity-options='{&quot;imagesLoaded&quot;: true, &quot;groupCells&quot;: &quot;100%&quot;, &quot;dragThreshold&quot; : 5, &quot;cellAlign&quot;: &quot;left&quot;,&quot;wrapAround&quot;: true,&quot;prevNextButtons&quot;: true,&quot;percentPosition&quot;: true,&quot;pageDots&quot;: false, &quot;rightToLeft&quot;: false, &quot;autoPlay&quot; : false}' >\n\n  <div class=\"col post-item\" >\n\t\t\t<div class=\"col-inner\">\n\t\t\t\t<div class=\"box box-vertical box-text-bottom box-blog-post has-hover\">\n            \t\t\t\t\t<div class=\"box-image\" style=\"width:40%;\">\n  \t\t\t\t\t\t<div class=\"image-cover\" style=\"padding-top:223px;\">\n\t\t\t\t\t\t\t<a href=\"https:\/\/temdoksan.com\/de\/musteri-memnuniyeti\/\" class=\"plain\" aria-label=\"M\u00fc\u015fteri Memnuniyeti\">\n\t\t\t\t\t\t\t\t<img loading=\"lazy\" decoding=\"async\" width=\"593\" height=\"400\" src=\"https:\/\/temdoksan.com\/wp-content\/uploads\/2021\/08\/yumruk-593x400.jpg\" class=\"attachment-medium size-medium wp-post-image\" alt=\"\" srcset=\"https:\/\/temdoksan.com\/wp-content\/uploads\/2021\/08\/yumruk-593x400.jpg 593w, https:\/\/temdoksan.com\/wp-content\/uploads\/2021\/08\/yumruk-768x518.jpg 768w, https:\/\/temdoksan.com\/wp-content\/uploads\/2021\/08\/yumruk-600x405.jpg 600w, https:\/\/temdoksan.com\/wp-content\/uploads\/2021\/08\/yumruk.jpg 800w\" sizes=\"auto, (max-width: 593px) 100vw, 593px\" \/>\t\t\t\t\t\t\t<\/a>\n  \t\t\t\t\t\t\t  \t\t\t\t\t\t\t  \t\t\t\t\t\t<\/div>\n  \t\t\t\t\t\t  \t\t\t\t\t<\/div>\n          \t\t\t\t\t<div class=\"box-text text-left\" style=\"background-color:rgb(255, 255, 255);\">\n\t\t\t\t\t<div class=\"box-text-inner blog-post-inner\">\n\n\t\t\t\t\t\n\t\t\t\t\t\t\t\t\t\t<h5 class=\"post-title is-large\">\n\t\t\t\t\t\t<a href=\"https:\/\/temdoksan.com\/de\/musteri-memnuniyeti\/\" class=\"plain\">M\u00fc\u015fteri Memnuniyeti<\/a>\n\t\t\t\t\t<\/h5>\n\t\t\t\t\t\t\t\t\t\t<div class=\"is-divider\"><\/div>\n\t\t\t\t\t\t\t\t\t\t<p class=\"from_the_blog_excerpt\">\n\t\t\t\t\t\tM\u00fc\u015fteri ve tedarik\u00e7ileri ile kar\u015f\u0131l\u0131kl\u0131 g\u00fcvene dayanan, uzun s\u00fcreli ve profesyonel i\u015f ili\u015fkileri kurmaya \u00f6zen... Detaylar\t\t\t\t\t<\/p>\n\t\t\t\t\t                    \n\t\t\t\t\t\n\t\t\t\t\t\n\t\t\t\t\t<\/div>\n\t\t\t\t\t<\/div>\n\t\t\t\t\t\t\t\t\t\t\t\t\t\t\t\t<div class=\"badge absolute top post-date badge-outline\">\n\t\t\t\t\t\t\t<div class=\"badge-inner\">\n\t\t\t\t\t\t\t\t<span class=\"post-date-day\">01<\/span><br>\n\t\t\t\t\t\t\t\t<span class=\"post-date-month is-xsmall\">Juli<\/span>\n\t\t\t\t\t\t\t<\/div>\n\t\t\t\t\t\t<\/div>\n\t\t\t\t\t\t\t\t\t<\/div>\n\t\t\t<\/div>\n\t\t<\/div><div class=\"col post-item\" >\n\t\t\t<div class=\"col-inner\">\n\t\t\t\t<div class=\"box box-vertical box-text-bottom box-blog-post has-hover\">\n            \t\t\t\t\t<div class=\"box-image\" style=\"width:40%;\">\n  \t\t\t\t\t\t<div class=\"image-cover\" style=\"padding-top:223px;\">\n\t\t\t\t\t\t\t<a href=\"https:\/\/temdoksan.com\/de\/yonca-icin-ipivot-sulama\/\" class=\"plain\" aria-label=\"M\u00fc\u015fteri Memnuniyeti\">\n\t\t\t\t\t\t\t\t<img loading=\"lazy\" decoding=\"async\" width=\"593\" height=\"400\" src=\"https:\/\/temdoksan.com\/wp-content\/uploads\/2021\/08\/yumruk-593x400.jpg\" class=\"attachment-medium size-medium wp-post-image\" alt=\"\" srcset=\"https:\/\/temdoksan.com\/wp-content\/uploads\/2021\/08\/yumruk-593x400.jpg 593w, https:\/\/temdoksan.com\/wp-content\/uploads\/2021\/08\/yumruk-768x518.jpg 768w, https:\/\/temdoksan.com\/wp-content\/uploads\/2021\/08\/yumruk-600x405.jpg 600w, https:\/\/temdoksan.com\/wp-content\/uploads\/2021\/08\/yumruk.jpg 800w\" sizes=\"auto, (max-width: 593px) 100vw, 593px\" \/>\t\t\t\t\t\t\t<\/a>\n  \t\t\t\t\t\t\t  \t\t\t\t\t\t\t  \t\t\t\t\t\t<\/div>\n  \t\t\t\t\t\t  \t\t\t\t\t<\/div>\n          \t\t\t\t\t<div class=\"box-text text-left\" style=\"background-color:rgb(255, 255, 255);\">\n\t\t\t\t\t<div class=\"box-text-inner blog-post-inner\">\n\n\t\t\t\t\t\n\t\t\t\t\t\t\t\t\t\t<h5 class=\"post-title is-large\">\n\t\t\t\t\t\t<a href=\"https:\/\/temdoksan.com\/de\/yonca-icin-ipivot-sulama\/\" class=\"plain\">M\u00fc\u015fteri Memnuniyeti<\/a>\n\t\t\t\t\t<\/h5>\n\t\t\t\t\t\t\t\t\t\t<div class=\"is-divider\"><\/div>\n\t\t\t\t\t\t\t\t\t\t<p class=\"from_the_blog_excerpt\">\n\t\t\t\t\t\tM\u00fc\u015fteri ve tedarik\u00e7ileri ile kar\u015f\u0131l\u0131kl\u0131 g\u00fcvene dayanan, uzun s\u00fcreli ve profesyonel i\u015f ili\u015fkileri kurmaya \u00f6zen... Detaylar\t\t\t\t\t<\/p>\n\t\t\t\t\t                    \n\t\t\t\t\t\n\t\t\t\t\t\n\t\t\t\t\t<\/div>\n\t\t\t\t\t<\/div>\n\t\t\t\t\t\t\t\t\t\t\t\t\t\t\t\t<div class=\"badge absolute top post-date badge-outline\">\n\t\t\t\t\t\t\t<div class=\"badge-inner\">\n\t\t\t\t\t\t\t\t<span class=\"post-date-day\">20<\/span><br>\n\t\t\t\t\t\t\t\t<span class=\"post-date-month is-xsmall\">Aug.<\/span>\n\t\t\t\t\t\t\t<\/div>\n\t\t\t\t\t\t<\/div>\n\t\t\t\t\t\t\t\t\t<\/div>\n\t\t\t<\/div>\n\t\t<\/div><\/div>\n\t\t<\/div>\n\t\t\t\t\t<\/div>\n\n\t\n<\/div>\n\t\t<\/div>\n\n\t\t\n<style>\n#section_1751641330 {\n  padding-top: 43px;\n  padding-bottom: 43px;\n  min-height: 276px;\n  background-color: rgb(241, 241, 241);\n}\n<\/style>\n\t<\/section>","protected":false},"excerpt":{"rendered":"","protected":false},"author":1,"featured_media":34,"parent":87,"menu_order":1,"comment_status":"closed","ping_status":"closed","template":"page-blank.php","meta":{"om_disable_all_campaigns":false,"footnotes":""},"class_list":["post-72","page","type-page","status-publish","has-post-thumbnail","hentry"],"_links":{"self":[{"href":"https:\/\/temdoksan.com\/de\/wp-json\/wp\/v2\/pages\/72","targetHints":{"allow":["GET"]}}],"collection":[{"href":"https:\/\/temdoksan.com\/de\/wp-json\/wp\/v2\/pages"}],"about":[{"href":"https:\/\/temdoksan.com\/de\/wp-json\/wp\/v2\/types\/page"}],"author":[{"embeddable":true,"href":"https:\/\/temdoksan.com\/de\/wp-json\/wp\/v2\/users\/1"}],"replies":[{"embeddable":true,"href":"https:\/\/temdoksan.com\/de\/wp-json\/wp\/v2\/comments?post=72"}],"version-history":[{"count":125,"href":"https:\/\/temdoksan.com\/de\/wp-json\/wp\/v2\/pages\/72\/revisions"}],"predecessor-version":[{"id":1420,"href":"https:\/\/temdoksan.com\/de\/wp-json\/wp\/v2\/pages\/72\/revisions\/1420"}],"up":[{"embeddable":true,"href":"https:\/\/temdoksan.com\/de\/wp-json\/wp\/v2\/pages\/87"}],"wp:featuredmedia":[{"embeddable":true,"href":"https:\/\/temdoksan.com\/de\/wp-json\/wp\/v2\/media\/34"}],"wp:attachment":[{"href":"https:\/\/temdoksan.com\/de\/wp-json\/wp\/v2\/media?parent=72"}],"curies":[{"name":"wp","href":"https:\/\/api.w.org\/{rel}","templated":true}]}}