{"id":107,"date":"2013-08-11T19:06:15","date_gmt":"2013-08-11T19:06:15","guid":{"rendered":"http:\/\/localhost:8888\/test\/?page_id=520"},"modified":"2025-08-18T19:51:08","modified_gmt":"2025-08-18T16:51:08","slug":"hakkimizda-4","status":"publish","type":"page","link":"https:\/\/temdoksan.com\/en\/hakkimizda-4\/","title":{"rendered":"Hakk\u0131m\u0131zda"},"content":{"rendered":"<div class=\"banner has-hover has-parallax\" id=\"banner-947605500\">\n          <div class=\"banner-inner fill\">\n        <div class=\"banner-bg fill\" data-parallax=\"-3\" data-parallax-container=\".banner\" data-parallax-background>\n            <img loading=\"lazy\" decoding=\"async\" width=\"1600\" height=\"252\" src=\"https:\/\/temdoksan.com\/wp-content\/uploads\/2025\/07\/header.webp\" class=\"bg attachment-original size-original\" alt=\"\" \/>                        <div class=\"overlay\"><\/div>            \n                    <\/div>\n\t\t\n        <div class=\"banner-layers container\">\n            <div class=\"fill banner-link\"><\/div>            \n   <div id=\"text-box-409685469\" class=\"text-box banner-layer x0 md-x0 lg-x0 y50 md-y50 lg-y50 res-text\">\n                                <div class=\"text-box-content text dark\">\n              \n              <div class=\"text-inner text-center\">\n                  \n\t<div id=\"text-1631538467\" class=\"text\">\n\t\t\n<h3 class=\"lead\"><span style=\"font-size: 110%;\">About Us<\/span><\/h3>\n<p class=\"lead\"><span style=\"font-size: 80%;\">Temd\u00f6ksan represents quality in casting and reliability in engineering. Experience in every part, precision in every production.<\/span><\/p>\n\t\t\n<style>\n#text-1631538467 {\n  font-size: 1rem;\n  text-align: left;\n}\n<\/style>\n\t<\/div>\n\t\n              <\/div>\n           <\/div>\n                            \n<style>\n#text-box-409685469 {\n  width: 41%;\n}\n#text-box-409685469 .text-box-content {\n  font-size: 100%;\n}\n<\/style>\n    <\/div>\n \n        <\/div>\n      <\/div>\n\n            \n<style>\n#banner-947605500 {\n  padding-top: 300px;\n}\n#banner-947605500 .overlay {\n  background-color: rgba(79, 166, 27, 0);\n}\n#banner-947605500 .banner-bg img {\n  object-position: 21% 63%;\n}\n<\/style>\n  <\/div>\n\n\n<div class=\"row\"  id=\"row-1605309864\">\n\n\t<div id=\"col-1949565954\" class=\"col small-12 large-12\"  >\n\t\t\t\t<div class=\"col-inner\"  >\n\t\t\t\n\t\t\t\n<div class=\"row\"  id=\"row-915206430\">\n\n\t<div id=\"col-1740557092\" class=\"col small-12 large-12\"  >\n\t\t\t\t<div class=\"col-inner\"  >\n\t\t\t\n\t\t\t\n<p><img loading=\"lazy\" decoding=\"async\" class=\"size-medium wp-image-1287 alignleft\" src=\"https:\/\/temdoksan.com\/wp-content\/uploads\/2025\/07\/bayrak-668x400.webp\" alt=\"\" width=\"668\" height=\"400\" srcset=\"https:\/\/temdoksan.com\/wp-content\/uploads\/2025\/07\/bayrak-668x400.webp 668w, https:\/\/temdoksan.com\/wp-content\/uploads\/2025\/07\/bayrak-768x460.webp 768w, https:\/\/temdoksan.com\/wp-content\/uploads\/2025\/07\/bayrak-600x359.webp 600w, https:\/\/temdoksan.com\/wp-content\/uploads\/2025\/07\/bayrak.webp 1080w\" sizes=\"auto, (max-width: 668px) 100vw, 668px\" \/><\/p>\n<h2 data-start=\"241\" data-end=\"269\"><span style=\"color: #282828;\"><strong data-start=\"241\" data-end=\"269\">The Artistry That Shapes Power<\/strong><\/span><\/h2>\n<p data-start=\"127\" data-end=\"394\" class=\" translation-block\"><strong data-start=\"\u201c127\u201d\" data-end=\"\u201c140\u201d\">TEMD\u00d6KSAN<\/strong> is an engineering company that gives life to the most critical parts needed by heavy industry with years of experience in the production of cast iron, ductile iron and steel castings.<br data-start=\"\u201c299\u201d\" data-end=\"\u201c302\u201d\">Since the day we were founded, we have been casting not only metal, but also <strong data-start=\"\u2018352\u2019\" data-end=\"\u201c383\u201d\">trust, quality and continuity<\/strong>.<\/p>\n<p data-start=\"396\" data-end=\"699\"><span style=\"color: #282828;\">With our modern production facility, high-tech infrastructure and experienced staff, we offer special solutions in a wide range of industries from automotive to defense industry, agricultural machinery to general machinery sector. Our molds are not just shapes, but years of experience and perfection.<\/span><\/p>\n<h4 data-start=\"677\" data-end=\"708\"><span style=\"color: #282828;\">\u00dcretim altyap\u0131m\u0131zda yer alan:<\/span><\/h4>\n<ul data-start=\"709\" data-end=\"1061\">\n<li data-start=\"709\" data-end=\"764\">\n<p data-start=\"711\" data-end=\"764\"><span style=\"color: #282828;\">ICS \u0130nd\u00fcksiyon Sistemi Ergitme Oca\u011f\u0131 2025 Model<\/span><\/p>\n<\/li>\n<li data-start=\"765\" data-end=\"834\">\n<p data-start=\"767\" data-end=\"834\"><span style=\"color: #282828;\">STR Strong Makine 1 Tonluk Ask\u0131l\u0131 Kumlama Makinesi 2025 Model<\/span><\/p>\n<\/li>\n<li data-start=\"835\" data-end=\"1061\">\n<p data-start=\"837\" data-end=\"1061\"><span style=\"color: #282828;\">DeneyLab Analiz Sistemleri Spektrometre Analiz Cihaz\u0131 2025 Model, 26 element analiz edebilen Innovate T5 modeli<\/span><br data-start=\"956\" data-end=\"959\" \/><span style=\"color: #282828;\">sayesinde, \u00fcretim s\u00fcrecimizin her a\u015famas\u0131nda y\u00fcksek verimlilik, hassasiyet ve g\u00fcvenilirlik sa\u011fl\u0131yoruz.<\/span><\/p>\n<\/li>\n<\/ul>\n<p data-start=\"701\" data-end=\"887\" class=\" translation-block\">Our production portfolio also includes: <strong>special alloy components,<\/strong> <strong>high-chromium parts,<\/strong> <strong>high-manganese parts,<\/strong> and <strong>Ni-Hard materials<\/strong>.<\/p>\n<p data-start=\"889\" data-end=\"1055\" class=\" translation-block\">Our production portfolio also includes: <strong>special alloy parts,<\/strong> <strong>high-chromium parts,<\/strong> <strong>high-manganese parts,<\/strong> and <strong>Ni-Hard materials<\/strong>.<\/p>\n<p data-start=\"833\" data-end=\"1114\"><span style=\"color: #282828;\">Each of our products is shaped by precision measurement, detailed quality control processes, and a customer-oriented production approach. Thanks to our production philosophy aligned with national and international standards, we have become a preferred solution partner not only for local collaborators but also for global projects.<\/span><\/p>\n<p data-start=\"1116\" data-end=\"1390\"><span style=\"color: #282828;\">At TEMD\u00d6KSAN, our vision is to continuously advance casting technology by not only addressing today\u2019s needs but also anticipating the demands of the future. We view foundry work not merely as a production process, but as an industrial art that requires a high sense of responsibility.<\/span><\/p>\n\t\t<\/div>\n\t\t\t\t\t<\/div>\n\n\t\n<\/div>\n\t\t<\/div>\n\t\t\t\t\t<\/div>\n\n\t\n<\/div>","protected":false},"excerpt":{"rendered":"","protected":false},"author":1,"featured_media":34,"parent":0,"menu_order":0,"comment_status":"closed","ping_status":"closed","template":"page-blank.php","meta":{"om_disable_all_campaigns":false,"footnotes":""},"class_list":["post-107","page","type-page","status-publish","has-post-thumbnail","hentry"],"_links":{"self":[{"href":"https:\/\/temdoksan.com\/en\/wp-json\/wp\/v2\/pages\/107","targetHints":{"allow":["GET"]}}],"collection":[{"href":"https:\/\/temdoksan.com\/en\/wp-json\/wp\/v2\/pages"}],"about":[{"href":"https:\/\/temdoksan.com\/en\/wp-json\/wp\/v2\/types\/page"}],"author":[{"embeddable":true,"href":"https:\/\/temdoksan.com\/en\/wp-json\/wp\/v2\/users\/1"}],"replies":[{"embeddable":true,"href":"https:\/\/temdoksan.com\/en\/wp-json\/wp\/v2\/comments?post=107"}],"version-history":[{"count":53,"href":"https:\/\/temdoksan.com\/en\/wp-json\/wp\/v2\/pages\/107\/revisions"}],"predecessor-version":[{"id":1497,"href":"https:\/\/temdoksan.com\/en\/wp-json\/wp\/v2\/pages\/107\/revisions\/1497"}],"wp:featuredmedia":[{"embeddable":true,"href":"https:\/\/temdoksan.com\/en\/wp-json\/wp\/v2\/media\/34"}],"wp:attachment":[{"href":"https:\/\/temdoksan.com\/en\/wp-json\/wp\/v2\/media?parent=107"}],"curies":[{"name":"wp","href":"https:\/\/api.w.org\/{rel}","templated":true}]}}