{"id":1346,"date":"2025-07-01T13:14:14","date_gmt":"2025-07-01T10:14:14","guid":{"rendered":"https:\/\/temdoksan.com\/?page_id=1346"},"modified":"2025-07-01T15:26:09","modified_gmt":"2025-07-01T12:26:09","slug":"kalite-kontrol","status":"publish","type":"page","link":"https:\/\/temdoksan.com\/en\/kalite-kontrol\/","title":{"rendered":"Quality Control"},"content":{"rendered":"<div class=\"banner has-hover has-parallax\" id=\"banner-1882268391\">\n          <div class=\"banner-inner fill\">\n        <div class=\"banner-bg fill\" data-parallax=\"-1\" data-parallax-container=\".banner\" data-parallax-background>\n            <img loading=\"lazy\" decoding=\"async\" width=\"1600\" height=\"252\" src=\"https:\/\/temdoksan.com\/wp-content\/uploads\/2025\/07\/header-1.webp\" class=\"bg attachment-original size-original\" alt=\"\" \/>                        <div class=\"overlay\"><\/div>            \n                    <\/div>\n\t\t\n        <div class=\"banner-layers container\">\n            <div class=\"fill banner-link\"><\/div>            \n   <div id=\"text-box-887383060\" class=\"text-box banner-layer x0 md-x0 lg-x0 y50 md-y50 lg-y50 res-text\">\n                                <div class=\"text-box-content text dark\">\n              \n              <div class=\"text-inner text-center\">\n                  \n\t<div id=\"text-2785451969\" class=\"text\">\n\t\t\n<h3 class=\"lead\"><span style=\"font-size: 110%;\">Quality Control<\/span><\/h3>\n\t\t\n<style>\n#text-2785451969 {\n  font-size: 1rem;\n  text-align: left;\n}\n<\/style>\n\t<\/div>\n\t\n              <\/div>\n           <\/div>\n                            \n<style>\n#text-box-887383060 {\n  width: 60%;\n}\n#text-box-887383060 .text-box-content {\n  font-size: 100%;\n}\n<\/style>\n    <\/div>\n \n        <\/div>\n      <\/div>\n\n            \n<style>\n#banner-1882268391 {\n  padding-top: 300px;\n}\n#banner-1882268391 .overlay {\n  background-color: rgba(79, 166, 27, 0);\n}\n#banner-1882268391 .banner-bg img {\n  object-position: 15% 42%;\n}\n<\/style>\n  <\/div>\n\n\n<div class=\"row\"  id=\"row-1146864811\">\n\n\t<div id=\"col-422338476\" class=\"col small-12 large-12\"  >\n\t\t\t\t<div class=\"col-inner\"  >\n\t\t\t\n\t\t\t\n<div class=\"row\"  id=\"row-1247909705\">\n\n\t<div id=\"col-1875818125\" class=\"col medium-3 small-12 large-3\"  >\n\t\t\t\t<div class=\"col-inner\"  >\n\t\t\t\n\t\t\t\n<ul class=\"sidebar-wrapper ul-reset\"><aside id=\"nav_menu-3\" class=\"widget widget_nav_menu\"><span class=\"widget-title\"><span>OUR SERVICES<\/span><\/span><div class=\"is-divider small\"><\/div><div class=\"menu-anakategori-container\"><ul id=\"menu-anakategori\" class=\"menu\"><li id=\"menu-item-1351\" class=\"menu-item menu-item-type-post_type menu-item-object-page menu-item-1351\"><a href=\"https:\/\/temdoksan.com\/en\/kum-hazirlama\/\">Mold Preparation<\/a><\/li>\n<li id=\"menu-item-1352\" class=\"menu-item menu-item-type-post_type menu-item-object-page menu-item-1352\"><a href=\"https:\/\/temdoksan.com\/en\/kaliplama\/\">Molding<\/a><\/li>\n<li id=\"menu-item-1353\" class=\"menu-item menu-item-type-post_type menu-item-object-page menu-item-1353\"><a href=\"https:\/\/temdoksan.com\/en\/ergitme\/\">Melting<\/a><\/li>\n<li id=\"menu-item-1354\" class=\"menu-item menu-item-type-post_type menu-item-object-page menu-item-1354\"><a href=\"https:\/\/temdoksan.com\/en\/isil-islem\/\">Heat Treatment<\/a><\/li>\n<li id=\"menu-item-1355\" class=\"menu-item menu-item-type-post_type menu-item-object-page menu-item-1355\"><a href=\"https:\/\/temdoksan.com\/en\/kalite-kontrol\/\">Quality Control<\/a><\/li>\n<\/ul><\/div><\/aside><\/ul>\n<ul class=\"sidebar-wrapper ul-reset widgets-framed\"><\/ul>\n\t\t<\/div>\n\t\t\t\t\t<\/div>\n\n\t\n\n\t<div id=\"col-1587315795\" class=\"col medium-9 small-12 large-9\"  >\n\t\t\t\t<div class=\"col-inner\"  >\n\t\t\t\n\t\t\t\n<div class=\"row\"  id=\"row-613813615\">\n\n\t<div id=\"col-1330303681\" class=\"col medium-6 small-12 large-6\"  >\n\t\t\t\t<div class=\"col-inner\"  >\n\t\t\t\n\t\t\t\n\t<div class=\"img has-hover x md-x lg-x y md-y lg-y\" id=\"image_975690180\">\n\t\t<a class=\"image-lightbox lightbox-gallery\" title=\"\" href=\"https:\/\/temdoksan.com\/wp-content\/uploads\/2025\/07\/kalitekontrol.webp\">\t\t\t\t\t\t<div class=\"img-inner dark\" >\n\t\t\t<img loading=\"lazy\" decoding=\"async\" width=\"600\" height=\"337\" src=\"https:\/\/temdoksan.com\/wp-content\/uploads\/2025\/07\/kalitekontrol.webp\" class=\"attachment-large size-large\" alt=\"\" \/>\t\t\t\t\t\t\n\t\t\t\t\t<\/div>\n\t\t\t\t\t\t<\/a>\t\t\n<style>\n#image_975690180 {\n  width: 100%;\n}\n<\/style>\n\t<\/div>\n\t\n\t<div id=\"gap-605876136\" class=\"gap-element clearfix\" style=\"display:block; height:auto;\">\n\t\t\n<style>\n#gap-605876136 {\n  padding-top: 108px;\n}\n<\/style>\n\t<\/div>\n\t\n\t\t<\/div>\n\t\t\t\t\t<\/div>\n\n\t\n\n\t<div id=\"col-462621651\" class=\"col medium-6 small-12 large-6\"  >\n\t\t\t\t<div class=\"col-inner\"  >\n\t\t\t\n\t\t\t\n<h2>Heat Treatment<\/h2>\n<p data-start=\"131\" data-end=\"353\" class=\" translation-block\">At TEMD\u00d6KSAN, <strong>customer satisfaction<\/strong> lies at the core of our quality policy. We are committed to producing high-standard products that meet our clients' requirements and delivering them <strong>on time<\/strong>.<\/p>\n<p data-start=\"355\" data-end=\"537\" class=\" translation-block\"><span style=\"color: #282828\">Ensuring the accuracy of product specifications and consistency in production, as well as systematically identifying and eliminating defective parts, are essential components of our quality control processes. With this awareness, we consistently deliver <strong>reliable and consistent solutions<\/strong> to our customers.<\/span><\/p>\n<p data-start=\"539\" data-end=\"820\"><span style=\"color: #282828;\">Ensuring the accuracy of product specifications and continuity in production, as well as systematically identifying and removing potentially defective parts, are essential parts of our quality control processes. We act with this awareness and always provide our customers with the best possible service. <strong data-start=\"776\" data-end=\"809\">g\u00fcvenilir ve tutarl\u0131 \u00e7\u00f6z\u00fcmler<\/strong> sunuyoruz.<\/span><\/p>\n\t<div id=\"gap-528012145\" class=\"gap-element clearfix\" style=\"display:block; height:auto;\">\n\t\t\n<style>\n#gap-528012145 {\n  padding-top: 86px;\n}\n<\/style>\n\t<\/div>\n\t\n\t<div id=\"gap-1442286565\" class=\"gap-element clearfix\" style=\"display:block; height:auto;\">\n\t\t\n<style>\n#gap-1442286565 {\n  padding-top: 31px;\n}\n<\/style>\n\t<\/div>\n\t\n\t\t<\/div>\n\t\t\t\t\t<\/div>\n\n\t\n<\/div>\n\t\t<\/div>\n\t\t\t\t\t<\/div>\n\n\t\n<\/div>\n\t\t<\/div>\n\t\t\t\t\t<\/div>\n\n\t\n<\/div>","protected":false},"excerpt":{"rendered":"","protected":false},"author":1,"featured_media":34,"parent":0,"menu_order":0,"comment_status":"closed","ping_status":"closed","template":"page-blank.php","meta":{"om_disable_all_campaigns":false,"footnotes":""},"class_list":["post-1346","page","type-page","status-publish","has-post-thumbnail","hentry"],"_links":{"self":[{"href":"https:\/\/temdoksan.com\/en\/wp-json\/wp\/v2\/pages\/1346","targetHints":{"allow":["GET"]}}],"collection":[{"href":"https:\/\/temdoksan.com\/en\/wp-json\/wp\/v2\/pages"}],"about":[{"href":"https:\/\/temdoksan.com\/en\/wp-json\/wp\/v2\/types\/page"}],"author":[{"embeddable":true,"href":"https:\/\/temdoksan.com\/en\/wp-json\/wp\/v2\/users\/1"}],"replies":[{"embeddable":true,"href":"https:\/\/temdoksan.com\/en\/wp-json\/wp\/v2\/comments?post=1346"}],"version-history":[{"count":5,"href":"https:\/\/temdoksan.com\/en\/wp-json\/wp\/v2\/pages\/1346\/revisions"}],"predecessor-version":[{"id":1387,"href":"https:\/\/temdoksan.com\/en\/wp-json\/wp\/v2\/pages\/1346\/revisions\/1387"}],"wp:featuredmedia":[{"embeddable":true,"href":"https:\/\/temdoksan.com\/en\/wp-json\/wp\/v2\/media\/34"}],"wp:attachment":[{"href":"https:\/\/temdoksan.com\/en\/wp-json\/wp\/v2\/media?parent=1346"}],"curies":[{"name":"wp","href":"https:\/\/api.w.org\/{rel}","templated":true}]}}