{"id":389,"date":"2021-04-22T03:42:13","date_gmt":"2021-04-22T00:42:13","guid":{"rendered":"https:\/\/temdoksan.com\/?page_id=389"},"modified":"2025-08-14T11:48:02","modified_gmt":"2025-08-14T08:48:02","slug":"contact-2","status":"publish","type":"page","link":"https:\/\/temdoksan.com\/en\/elements\/pages\/contact-2\/","title":{"rendered":"CONTACT"},"content":{"rendered":"<div class=\"banner has-hover has-parallax\" id=\"banner-1011670641\">\n          <div class=\"banner-inner fill\">\n        <div class=\"banner-bg fill\" data-parallax=\"-1\" data-parallax-container=\".banner\" data-parallax-background>\n            <img loading=\"lazy\" decoding=\"async\" width=\"1600\" height=\"252\" src=\"https:\/\/temdoksan.com\/wp-content\/uploads\/2025\/07\/iletisim-header.jpg\" class=\"bg attachment-original size-original\" alt=\"\" \/>                        <div class=\"overlay\"><\/div>            \n                    <\/div>\n\t\t\n        <div class=\"banner-layers container\">\n            <div class=\"fill banner-link\"><\/div>            \n   <div id=\"text-box-1247416627\" class=\"text-box banner-layer x0 md-x0 lg-x0 y50 md-y50 lg-y50 res-text\">\n                                <div class=\"text-box-content text dark\">\n              \n              <div class=\"text-inner text-center\">\n                  \n\t<div id=\"text-629842981\" class=\"text\">\n\t\t\n<h3 class=\"lead\"><span style=\"font-size: 110%;\">CONTACT<\/span><\/h3>\n<p class=\"lead\"><span style=\"font-size: 80%;\">We love listening to you and look forward to talking to you enthusiastically about your project. If you have any questions, please contact us and we will get back to you as soon as possible.<\/span><\/p>\n\t\t\n<style>\n#text-629842981 {\n  font-size: 1rem;\n  text-align: left;\n}\n<\/style>\n\t<\/div>\n\t\n              <\/div>\n           <\/div>\n                            \n<style>\n#text-box-1247416627 {\n  width: 60%;\n}\n#text-box-1247416627 .text-box-content {\n  font-size: 100%;\n}\n<\/style>\n    <\/div>\n \n        <\/div>\n      <\/div>\n\n            \n<style>\n#banner-1011670641 {\n  padding-top: 300px;\n  background-color: rgb(255, 255, 255);\n}\n#banner-1011670641 .overlay {\n  background-color: rgba(0, 0, 0, 0);\n}\n#banner-1011670641 .banner-bg img {\n  object-position: 17% 46%;\n}\n<\/style>\n  <\/div>\n\n\n\n\t<section class=\"section\" id=\"section_931962743\">\n\t\t<div class=\"section-bg fill\" >\n\t\t\t\t\t\t\t\t\t<div class=\"section-bg-overlay absolute fill\"><\/div>\n\t\t\t\n\n\t\t<\/div>\n\n\t\t\n\n\t\t<div class=\"section-content relative\">\n\t\t\t\n<div class=\"row\"  id=\"row-1849440731\">\n\n\t<div id=\"col-1841579905\" class=\"col small-12 large-12\"  >\n\t\t\t\t<div class=\"col-inner box-shadow-3\"  >\n\t\t\t\n\t\t\t\n<div class=\"row row-collapse\"  id=\"row-322819836\">\n\n\t<div id=\"col-27707939\" class=\"col medium-12 small-12 large-6\"  >\n\t\t\t\t<div class=\"col-inner\"  >\n\t\t\t\n\t\t\t\n\t<div class=\"img has-hover x md-x lg-x y md-y lg-y\" id=\"image_11437940\">\n\t\t\t\t\t\t\t\t<div class=\"img-inner dark\" >\n\t\t\t<img loading=\"lazy\" decoding=\"async\" width=\"800\" height=\"539\" src=\"https:\/\/temdoksan.com\/wp-content\/uploads\/2025\/07\/iletisim-gorsel-1.webp\" class=\"attachment-original size-original\" alt=\"\" srcset=\"https:\/\/temdoksan.com\/wp-content\/uploads\/2025\/07\/iletisim-gorsel-1.webp 800w, https:\/\/temdoksan.com\/wp-content\/uploads\/2025\/07\/iletisim-gorsel-1-594x400.webp 594w, https:\/\/temdoksan.com\/wp-content\/uploads\/2025\/07\/iletisim-gorsel-1-768x517.webp 768w, https:\/\/temdoksan.com\/wp-content\/uploads\/2025\/07\/iletisim-gorsel-1-600x404.webp 600w\" sizes=\"auto, (max-width: 800px) 100vw, 800px\" \/>\t\t\t\t\t\t\n\t\t\t\t\t<\/div>\n\t\t\t\t\t\t\t\t\n<style>\n#image_11437940 {\n  width: 100%;\n}\n<\/style>\n\t<\/div>\n\t\n\t\t<\/div>\n\t\t\t\t\t<\/div>\n\n\t\n\n\t<div id=\"col-531382158\" class=\"col medium-12 small-12 large-6\"  >\n\t\t\t\t<div class=\"col-inner\"  >\n\t\t\t\n\t\t\t\n<div class=\"row row-small\"  id=\"row-643268826\">\n\n\t<div id=\"col-122552173\" class=\"col medium-6 small-12 large-6\"  >\n\t\t\t\t<div class=\"col-inner text-center\"  >\n\t\t\t\n\t\t\t\n\n\t\t<div class=\"icon-box featured-box icon-box-top text-left\"  >\n\t\t\t\t\t<div class=\"icon-box-img\" style=\"width: 60px\">\n\t\t\t\t<div class=\"icon\">\n\t\t\t\t\t<div class=\"icon-inner\" >\n\t\t\t\t\t\t<img loading=\"lazy\" decoding=\"async\" width=\"240\" height=\"240\" src=\"https:\/\/temdoksan.com\/wp-content\/uploads\/2021\/04\/map-pin-2-fill-2-1.png\" class=\"attachment-medium size-medium\" alt=\"\" srcset=\"https:\/\/temdoksan.com\/wp-content\/uploads\/2021\/04\/map-pin-2-fill-2-1.png 240w, https:\/\/temdoksan.com\/wp-content\/uploads\/2021\/04\/map-pin-2-fill-2-1-100x100.png 100w\" sizes=\"auto, (max-width: 240px) 100vw, 240px\" \/>\t\t\t\t\t<\/div>\n\t\t\t\t<\/div>\n\t\t\t<\/div>\n\t\t\t\t<div class=\"icon-box-text last-reset\">\n\t\t\t\t\t\t\t\t\t\n\t<div id=\"text-3798505660\" class=\"text\">\n\t\t\n<h3>Address<\/h3>\n\t\t\n<style>\n#text-3798505660 {\n  text-align: center;\n  color: rgb(206, 0, 0);\n}\n#text-3798505660 > * {\n  color: rgb(206, 0, 0);\n}\n<\/style>\n\t<\/div>\n\t\n\t\t<\/div>\n\t<\/div>\n\t\n\t\n\t<div id=\"text-3036222130\" class=\"text\">\n\t\t\n<p>Vatan Sanayi Sitesi I\u015f\u0131ldak Sokak. No.10 Karatay &#8211; Konya &#8211; T\u00fcrkiye<br \/>\n\t\t\n<style>\n#text-3036222130 {\n  text-align: center;\n  color: rgb(0, 0, 0);\n}\n#text-3036222130 > * {\n  color: rgb(0, 0, 0);\n}\n<\/style>\n\t<\/div>\n\t\n\t<div id=\"gap-1156120771\" class=\"gap-element clearfix\" style=\"display:block; height:auto;\">\n\t\t\n<style>\n#gap-1156120771 {\n  padding-top: 30px;\n}\n<\/style>\n\t<\/div>\n\t\n\n\t\t<div class=\"icon-box featured-box icon-box-top text-left\"  >\n\t\t\t\t\t<div class=\"icon-box-img\" style=\"width: 60px\">\n\t\t\t\t<div class=\"icon\">\n\t\t\t\t\t<div class=\"icon-inner\" >\n\t\t\t\t\t\t<img loading=\"lazy\" decoding=\"async\" width=\"120\" height=\"120\" src=\"https:\/\/temdoksan.com\/wp-content\/uploads\/2021\/04\/instagram-fill-1.png\" class=\"attachment-medium size-medium\" alt=\"\" srcset=\"https:\/\/temdoksan.com\/wp-content\/uploads\/2021\/04\/instagram-fill-1.png 120w, https:\/\/temdoksan.com\/wp-content\/uploads\/2021\/04\/instagram-fill-1-100x100.png 100w\" sizes=\"auto, (max-width: 120px) 100vw, 120px\" \/>\t\t\t\t\t<\/div>\n\t\t\t\t<\/div>\n\t\t\t<\/div>\n\t\t\t\t<div class=\"icon-box-text last-reset\">\n\t\t\t\t\t\t\t\t\t\n\t<div id=\"text-552996595\" class=\"text\">\n\t\t\n<h3>Instagram<\/h3>\n\t\t\n<style>\n#text-552996595 {\n  text-align: center;\n  color: rgb(206, 0, 0);\n}\n#text-552996595 > * {\n  color: rgb(206, 0, 0);\n}\n<\/style>\n\t<\/div>\n\t\n\t<div id=\"text-477731115\" class=\"text\">\n\t\t\n<p>@temdoksan<br \/>\n\t\t\n<style>\n#text-477731115 {\n  text-align: center;\n  color: rgb(37, 37, 37);\n}\n#text-477731115 > * {\n  color: rgb(37, 37, 37);\n}\n<\/style>\n\t<\/div>\n\t\n\t\t<\/div>\n\t<\/div>\n\t\n\t\n\t\t<\/div>\n\t\t\t\t\n<style>\n#col-122552173 > .col-inner {\n  padding: 60px 0px 50px 0px;\n}\n@media (min-width:550px) {\n  #col-122552173 > .col-inner {\n    padding: 60px 0px 50px 50px;\n  }\n}\n@media (min-width:850px) {\n  #col-122552173 > .col-inner {\n    padding: 60px 0px 0px 50px;\n  }\n}\n<\/style>\n\t<\/div>\n\n\t\n\n\t<div id=\"col-1645446621\" class=\"col medium-6 small-12 large-6\"  >\n\t\t\t\t<div class=\"col-inner text-center\"  >\n\t\t\t\n\t\t\t\n\n\t\t<div class=\"icon-box featured-box icon-box-top text-left\"  >\n\t\t\t\t\t<div class=\"icon-box-img\" style=\"width: 60px\">\n\t\t\t\t<div class=\"icon\">\n\t\t\t\t\t<div class=\"icon-inner\" >\n\t\t\t\t\t\t<img loading=\"lazy\" decoding=\"async\" width=\"240\" height=\"240\" src=\"https:\/\/temdoksan.com\/wp-content\/uploads\/2021\/04\/mail-open-fill-1.png\" class=\"attachment-medium size-medium\" alt=\"\" srcset=\"https:\/\/temdoksan.com\/wp-content\/uploads\/2021\/04\/mail-open-fill-1.png 240w, https:\/\/temdoksan.com\/wp-content\/uploads\/2021\/04\/mail-open-fill-1-100x100.png 100w\" sizes=\"auto, (max-width: 240px) 100vw, 240px\" \/>\t\t\t\t\t<\/div>\n\t\t\t\t<\/div>\n\t\t\t<\/div>\n\t\t\t\t<div class=\"icon-box-text last-reset\">\n\t\t\t\t\t\t\t\t\t\n\t<div id=\"text-2534870681\" class=\"text\">\n\t\t\n<h3>Email<\/h3>\n\t\t\n<style>\n#text-2534870681 {\n  text-align: center;\n  color: rgb(206, 0, 0);\n}\n#text-2534870681 > * {\n  color: rgb(206, 0, 0);\n}\n<\/style>\n\t<\/div>\n\t\n\t\t<\/div>\n\t<\/div>\n\t\n\t\n\t<div id=\"text-320377975\" class=\"text\">\n\t\t\n<p>bilgi@temdoksan.com<\/p>\n\t\t\n<style>\n#text-320377975 {\n  text-align: center;\n  color: rgb(10, 10, 10);\n}\n#text-320377975 > * {\n  color: rgb(10, 10, 10);\n}\n<\/style>\n\t<\/div>\n\t\n\t<div id=\"gap-1242313379\" class=\"gap-element clearfix\" style=\"display:block; height:auto;\">\n\t\t\n<style>\n#gap-1242313379 {\n  padding-top: 30px;\n}\n<\/style>\n\t<\/div>\n\t\n\n\t\t<div class=\"icon-box featured-box icon-box-top text-left\"  >\n\t\t\t\t\t<div class=\"icon-box-img\" style=\"width: 60px\">\n\t\t\t\t<div class=\"icon\">\n\t\t\t\t\t<div class=\"icon-inner\" >\n\t\t\t\t\t\t<img loading=\"lazy\" decoding=\"async\" width=\"240\" height=\"240\" src=\"https:\/\/temdoksan.com\/wp-content\/uploads\/2021\/04\/phone-fill-1-1.png\" class=\"attachment-medium size-medium\" alt=\"\" srcset=\"https:\/\/temdoksan.com\/wp-content\/uploads\/2021\/04\/phone-fill-1-1.png 240w, https:\/\/temdoksan.com\/wp-content\/uploads\/2021\/04\/phone-fill-1-1-100x100.png 100w\" sizes=\"auto, (max-width: 240px) 100vw, 240px\" \/>\t\t\t\t\t<\/div>\n\t\t\t\t<\/div>\n\t\t\t<\/div>\n\t\t\t\t<div class=\"icon-box-text last-reset\">\n\t\t\t\t\t\t\t\t\t\n\t<div id=\"text-850720537\" class=\"text\">\n\t\t\n<h3>Telephone<\/h3>\n\t\t\n<style>\n#text-850720537 {\n  text-align: center;\n  color: rgb(206, 0, 0);\n}\n#text-850720537 > * {\n  color: rgb(206, 0, 0);\n}\n<\/style>\n\t<\/div>\n\t\n\t<div id=\"text-1228905082\" class=\"text\">\n\t\t\n<p>+90 533 376 42 51<br \/>\n\t\t\n<style>\n#text-1228905082 {\n  text-align: center;\n  color: rgb(0, 0, 0);\n}\n#text-1228905082 > * {\n  color: rgb(0, 0, 0);\n}\n<\/style>\n\t<\/div>\n\t\n\t\t<\/div>\n\t<\/div>\n\t\n\t\n\t\t<\/div>\n\t\t\t\t\n<style>\n#col-1645446621 > .col-inner {\n  padding: 0px 0px 60px 0px;\n}\n@media (min-width:550px) {\n  #col-1645446621 > .col-inner {\n    padding: 60px 50px 0px 0px;\n  }\n}\n<\/style>\n\t<\/div>\n\n\t\n<\/div>\n\t\t<\/div>\n\t\t\t\t\n<style>\n#col-531382158 > .col-inner {\n  border-radius: 62px;\n}\n<\/style>\n\t<\/div>\n\n\t\n<\/div>\n\t\t<\/div>\n\t\t\t\t\t<\/div>\n\n\t\n\n<style>\n#row-1849440731 > .col > .col-inner {\n  background-color: rgba(255, 255, 255, 0.7);\n}\n<\/style>\n<\/div>\n\t\t<\/div>\n\n\t\t\n<style>\n#section_931962743 {\n  padding-top: 36px;\n  padding-bottom: 36px;\n  background-color: rgb(0, 0, 0);\n}\n#section_931962743 .section-bg-overlay {\n  background-color: rgba(249, 251, 236, 0.895);\n}\n<\/style>\n\t<\/section>\n\t\n<div class=\"row\"  id=\"row-2090824919\">\n\n\t<div id=\"col-1656496994\" class=\"col medium-6 large-6\"  >\n\t\t\t\t<div class=\"col-inner\"  >\n\t\t\t\n\t\t\t\n<p><iframe loading=\"lazy\" style=\"border: 0;\" src=\"https:\/\/www.google.com\/maps\/embed?pb=!1m18!1m12!1m3!1d3149.56818312708!2d32.56246177568699!3d37.870393106646546!2m3!1f0!2f0!3f0!3m2!1i1024!2i768!4f13.1!3m3!1m2!1s0x14d09b9a70448d45%3A0xc7a7a278ff8fb0b1!2zVEVNRMOWS1NBTiBNRVRBTFVSSsSwIE1BS8SwTkUgU0FOQVnEsCBWRSBUxLBDLiBMVEQuIMWeVMSwLg!5e0!3m2!1str!2str!4v1754305350334!5m2!1str!2str\" width=\"705\" height=\"490\" allowfullscreen=\"allowfullscreen\"><\/iframe><\/p>\n\t\t<\/div>\n\t\t\t\t\t<\/div>\n\n\t\n\n\t<div id=\"col-617457228\" class=\"col medium-6 large-6\"  >\n\t\t\t\t<div class=\"col-inner\"  >\n\t\t\t\n\t\t\t\n<div class=\"container section-title-container\" ><h3 class=\"section-title section-title-normal\"><b><\/b><span class=\"section-title-main\" >Write to us now for more information<\/span><b><\/b><\/h3><\/div>\n<div role=\"form\" class=\"wpcf7\" id=\"wpcf7-f739-o1\" lang=\"en-US\" dir=\"ltr\">\n<div class=\"screen-reader-response\"><p role=\"status\" aria-live=\"polite\" aria-atomic=\"true\"><\/p> <ul><\/ul><\/div>\n<form action=\"\/wp-json\/wp\/v2\/pages\/389\" method=\"post\" class=\"wpcf7-form init\" novalidate=\"novalidate\" data-status=\"init\" data-trp-original-action=\"\/en\/wp-json\/wp\/v2\/pages\/389#wpcf7-f739-o1\">\n<div style=\"display: none;\">\n<input type=\"hidden\" name=\"_wpcf7\" value=\"739\" \/>\n<input type=\"hidden\" name=\"_wpcf7_version\" value=\"5.4.1\" \/>\n<input type=\"hidden\" name=\"_wpcf7_locale\" value=\"en_US\" \/>\n<input type=\"hidden\" name=\"_wpcf7_unit_tag\" value=\"wpcf7-f739-o1\" \/>\n<input type=\"hidden\" name=\"_wpcf7_container_post\" value=\"0\" \/>\n<input type=\"hidden\" name=\"_wpcf7_posted_data_hash\" value=\"\" \/>\n<\/div>\n<div class=\"form-flat\">\n<span class=\"wpcf7-form-control-wrap your-name\"><input type=\"text\" name=\"your-name\" value=\"\" size=\"40\" class=\"wpcf7-form-control wpcf7-text wpcf7-validates-as-required\" aria-required=\"true\" aria-invalid=\"false\" placeholder=\"Name (required)\" \/><\/span><\/p>\n<p><span class=\"wpcf7-form-control-wrap your-email\"><input type=\"email\" name=\"your-email\" value=\"\" size=\"40\" class=\"wpcf7-form-control wpcf7-text wpcf7-email wpcf7-validates-as-required wpcf7-validates-as-email\" aria-required=\"true\" aria-invalid=\"false\" placeholder=\"Your Email Address (required)\" \/><\/span> <\/p>\n<p><span class=\"wpcf7-form-control-wrap your-message\"><textarea name=\"your-message\" cols=\"40\" rows=\"10\" class=\"wpcf7-form-control wpcf7-textarea\" aria-invalid=\"false\" placeholder=\"Your message (required)\"><\/textarea><\/span> <\/p>\n<p><input type=\"submit\" value=\"Send\" class=\"wpcf7-form-control wpcf7-submit button\" \/>\n<\/p><\/div>\n<div class=\"wpcf7-response-output\" aria-hidden=\"true\"><\/div><input type=\"hidden\" name=\"trp-form-language\" value=\"en\"\/><\/form><\/div>\n\t\t<\/div>\n\t\t\t\t\t<\/div>\n\n\t\n<\/div>\n\t<div id=\"gap-929419156\" class=\"gap-element clearfix\" style=\"display:block; height:auto;\">\n\t\t\n<style>\n#gap-929419156 {\n  padding-top: 42px;\n}\n<\/style>\n\t<\/div>","protected":false},"excerpt":{"rendered":"","protected":false},"author":1,"featured_media":34,"parent":69,"menu_order":0,"comment_status":"closed","ping_status":"closed","template":"page-blank.php","meta":{"om_disable_all_campaigns":false,"footnotes":""},"class_list":["post-389","page","type-page","status-publish","has-post-thumbnail","hentry"],"_links":{"self":[{"href":"https:\/\/temdoksan.com\/en\/wp-json\/wp\/v2\/pages\/389","targetHints":{"allow":["GET"]}}],"collection":[{"href":"https:\/\/temdoksan.com\/en\/wp-json\/wp\/v2\/pages"}],"about":[{"href":"https:\/\/temdoksan.com\/en\/wp-json\/wp\/v2\/types\/page"}],"author":[{"embeddable":true,"href":"https:\/\/temdoksan.com\/en\/wp-json\/wp\/v2\/users\/1"}],"replies":[{"embeddable":true,"href":"https:\/\/temdoksan.com\/en\/wp-json\/wp\/v2\/comments?post=389"}],"version-history":[{"count":50,"href":"https:\/\/temdoksan.com\/en\/wp-json\/wp\/v2\/pages\/389\/revisions"}],"predecessor-version":[{"id":1495,"href":"https:\/\/temdoksan.com\/en\/wp-json\/wp\/v2\/pages\/389\/revisions\/1495"}],"up":[{"embeddable":true,"href":"https:\/\/temdoksan.com\/en\/wp-json\/wp\/v2\/pages\/69"}],"wp:featuredmedia":[{"embeddable":true,"href":"https:\/\/temdoksan.com\/en\/wp-json\/wp\/v2\/media\/34"}],"wp:attachment":[{"href":"https:\/\/temdoksan.com\/en\/wp-json\/wp\/v2\/media?parent=389"}],"curies":[{"name":"wp","href":"https:\/\/api.w.org\/{rel}","templated":true}]}}